{"id":8269,"date":"2023-05-27T22:20:08","date_gmt":"2023-05-27T20:20:08","guid":{"rendered":"https:\/\/liveitup-tours.com\/proteccion-de-datos\/"},"modified":"2023-05-27T22:20:08","modified_gmt":"2023-05-27T20:20:08","slug":"proteccion-de-datos","status":"publish","type":"page","link":"https:\/\/liveitup-tours.com\/es\/proteccion-de-datos\/","title":{"rendered":"Protecci\u00f3n de Datos"},"content":{"rendered":"\n<h2 class=\"wp-block-heading\">Quienes somos<\/h2>\n\n<p>La direcci\u00f3n de nuestro sitio web es: https:\/\/liveitup-tours.com.<\/p>\n\n<h2 class=\"wp-block-heading\">Comentarios<\/h2>\n\n<p>Cuando los visitantes dejan comentarios en el sitio, recopilamos los datos que se muestran en el formulario de comentarios, as\u00ed como la direcci\u00f3n IP del visitante y la cadena de agente de usuario (utilizada para identificar el navegador) para ayudar a la detecci\u00f3n de spam.<\/p>\n\n<p>Se puede crear una cadena de caracteres an\u00f3nimos (tambi\u00e9n conocida como hash) a partir de su direcci\u00f3n de correo electr\u00f3nico y pasar al servicio Gravatar para verificar si la est\u00e1 utilizando. Puede encontrar la pol\u00edtica de privacidad del servicio Gravatar aqu\u00ed: https:\/\/automattic.com\/privacy\/. Una vez que su comentario haya sido aprobado, su imagen de perfil ser\u00e1 visible p\u00fablicamente en el contexto de su comentario.<\/p>\n\n<h2 class=\"wp-block-heading\">Media<\/h2>\n\n<p>Si eres un usuario registrado y subes fotos a este sitio web, debes evitar subir fotos con ubicaci\u00f3n GPS EXIF. Los visitantes de este sitio web pueden descargar fotos almacenadas en este sitio web y extraer informaci\u00f3n de ubicaci\u00f3n de ellas.<\/p>\n\n<h2 class=\"wp-block-heading\">Cookies<\/h2>\n\n<p>Si deja un comentario en nuestro sitio web, puede optar por guardar su nombre, direcci\u00f3n de correo electr\u00f3nico y sitio web en cookies. Esta es una caracter\u00edstica conveniente para que cuando escriba otro comentario, no tenga que volver a ingresar toda esta informaci\u00f3n. Estas cookies se almacenan durante un a\u00f1o.<\/p>\n\n<p>Si tiene una cuenta e inicia sesi\u00f3n en este sitio, estableceremos una cookie temporal para determinar si su navegador acepta cookies. Esta cookie no contiene datos personales y se descarta cuando cierra su navegador.<\/p>\n\n<p>Cuando inicie sesi\u00f3n, configuraremos algunas cookies para guardar su informaci\u00f3n de inicio de sesi\u00f3n y opciones de visualizaci\u00f3n. Las cookies de inicio de sesi\u00f3n caducan despu\u00e9s de dos d\u00edas y las cookies de opciones de visualizaci\u00f3n despu\u00e9s de un a\u00f1o. Si selecciona \u00abMantenerme conectado\u00bb al registrarse, su registro se mantendr\u00e1 durante dos semanas. Si cierra sesi\u00f3n en su cuenta, las cookies de inicio de sesi\u00f3n se eliminar\u00e1n.<\/p>\n\n<p>Si edita o publica un art\u00edculo, se guardar\u00e1 una cookie adicional en su navegador. Esta cookie no contiene datos personales y solo se refiere a la ID de la publicaci\u00f3n del art\u00edculo que acaba de editar. La cookie expira despu\u00e9s de un d\u00eda.<\/p>\n\n<h2 class=\"wp-block-heading\">Contenido inclu\u00eddo otros sitios web<\/h2>\n\n<p>Los art\u00edculos de este sitio web pueden contener contenido incrustado (por ejemplo, videos, im\u00e1genes, art\u00edculos, etc.). El contenido incrustado de otros sitios web se comporta exactamente como si el visitante hubiera visitado el otro sitio web.<\/p>\n\n<p>Estos sitios web pueden recopilar datos sobre usted, usar cookies, incorporar servicios de seguimiento de terceros adicionales y registrar su interacci\u00f3n con ese contenido incorporado, incluida su interacci\u00f3n con el contenido incorporado si tiene una cuenta y ha iniciado sesi\u00f3n en este sitio web.<\/p>\n\n<h2 class=\"wp-block-heading\">Con qui\u00e9n compartimos sus datos<\/h2>\n\n<p>Si solicita un restablecimiento de contrase\u00f1a, su direcci\u00f3n IP se incluir\u00e1 en el correo electr\u00f3nico de restablecimiento.<\/p>\n\n<h2 class=\"wp-block-heading\">Durante cu\u00e1nto tiempo almacenamos sus datos<\/h2>\n\n<p>Si escribe un comentario, se almacenar\u00e1 indefinidamente, incluidos los metadatos. De esta forma, podemos reconocer y aprobar autom\u00e1ticamente los comentarios de seguimiento en lugar de mantenerlos en una cola de moderaci\u00f3n.<\/p>\n\n<p>Para los usuarios que se registran en nuestro sitio web, tambi\u00e9n almacenamos la informaci\u00f3n personal que proporcionan en sus perfiles de usuario. Todos los usuarios pueden ver, cambiar o eliminar su informaci\u00f3n personal en cualquier momento (no se puede cambiar el nombre de usuario). Los administradores del sitio web tambi\u00e9n pueden ver y editar esta informaci\u00f3n.<\/p>\n\n<h2 class=\"wp-block-heading\">Qu\u00e9 derechos tienes sobre tus datos<\/h2>\n\n<p>Si tiene una cuenta en este sitio web o tiene comentarios escritos, puede solicitarnos una exportaci\u00f3n de sus datos personales, incluidos los datos que nos haya proporcionado. Adem\u00e1s, puede solicitar la eliminaci\u00f3n de todos los datos personales que tenemos almacenados sobre usted. Esto no incluye los datos que estamos obligados a conservar por motivos administrativos, legales o de seguridad.<\/p>\n\n<h2 class=\"wp-block-heading\">Ad\u00f3nde se env\u00edan sus datos<\/h2>\n\n<p>Los comentarios de los visitantes puede que los revise un servicio de detecci\u00f3n autom\u00e1tica de spam.<\/p>\n","protected":false},"excerpt":{"rendered":"<p>Quienes somos La direcci\u00f3n de nuestro sitio web es: https:\/\/liveitup-tours.com. Comentarios Cuando los visitantes dejan comentarios en el sitio, recopilamos los datos que se muestran en el formulario de comentarios, as\u00ed como la direcci\u00f3n IP del visitante y la cadena de agente de usuario (utilizada para identificar el navegador) para ayudar a la detecci\u00f3n de [&hellip;]<\/p>\n","protected":false},"author":1,"featured_media":0,"parent":0,"menu_order":0,"comment_status":"closed","ping_status":"closed","template":"","meta":{"footnotes":""},"class_list":["post-8269","page","type-page","status-publish","hentry"],"_links":{"self":[{"href":"https:\/\/liveitup-tours.com\/es\/wp-json\/wp\/v2\/pages\/8269","targetHints":{"allow":["GET"]}}],"collection":[{"href":"https:\/\/liveitup-tours.com\/es\/wp-json\/wp\/v2\/pages"}],"about":[{"href":"https:\/\/liveitup-tours.com\/es\/wp-json\/wp\/v2\/types\/page"}],"author":[{"embeddable":true,"href":"https:\/\/liveitup-tours.com\/es\/wp-json\/wp\/v2\/users\/1"}],"replies":[{"embeddable":true,"href":"https:\/\/liveitup-tours.com\/es\/wp-json\/wp\/v2\/comments?post=8269"}],"version-history":[{"count":0,"href":"https:\/\/liveitup-tours.com\/es\/wp-json\/wp\/v2\/pages\/8269\/revisions"}],"wp:attachment":[{"href":"https:\/\/liveitup-tours.com\/es\/wp-json\/wp\/v2\/media?parent=8269"}],"curies":[{"name":"wp","href":"https:\/\/api.w.org\/{rel}","templated":true}]}}