{"id":3678,"date":"2015-08-25T21:44:28","date_gmt":"2015-08-25T19:44:28","guid":{"rendered":"http:\/\/conil-ferienunterkunft.de\/?page_id=3678"},"modified":"2020-02-23T21:01:39","modified_gmt":"2020-02-23T20:01:39","slug":"condiciones-generales-tours","status":"publish","type":"page","link":"https:\/\/liveitup-tours.com\/es\/condiciones-generales-tours\/","title":{"rendered":"Condiciones Generales"},"content":{"rendered":"<p><strong>Condiciones Generales para nuestros Tours<br \/>\n<\/strong><\/p>\n<p>Las siguientes Condiciones Generales constituyen el fundamento para la finalizaci\u00f3n de la contrataci\u00f3n de una excursi\u00f3n entre&nbsp;<span style=\"color: #008080;\">liveitup-tours.com<\/span> por un lado e interesados por otro lado.<\/p>\n<p>Con el uso de este sitio web, Usted reconoce estas Condiciones Generales.<\/p>\n<p><strong>1.&nbsp;&nbsp;&nbsp;&nbsp;&nbsp;&nbsp;&nbsp; Validez<\/strong><\/p>\n<p>1.1 Los siguientes t\u00e9rminos y condiciones se aplican a todos los contratos entre<span style=\"color: #008080;\">&nbsp;liveitup-tours.com<\/span> y sus clientes.<\/p>\n<p>1.2 La inclusi\u00f3n de condiciones por parte del cliente es rechazada, a menos que las partes hayan acordado expresamente lo contrario.<\/p>\n<p><b>2.&nbsp;&nbsp;&nbsp;&nbsp;&nbsp;&nbsp;&nbsp; <strong>Reserva y cierre del contrato<\/strong><br \/>\n<\/b><\/p>\n<p>2.1 Su demanda por un tour o un paquete de tours de forma verbal o por escrito se basa en la oferta de <span style=\"color: #008080;\">liveitup-tours.com<\/span>.<br \/>\nCon la entrada de su solicitud, recibir\u00e1 una confirmaci\u00f3n por escrito. Esta confirmaci\u00f3n es vinculante para ambas partes. La relaci\u00f3n contractual se establece solo en caso de ser confirmado por escrito por parte de <span style=\"color: #008080;\">liveitup-tours.com.<\/span><\/p>\n<p>2.2 <span id=\"result_box\" class=\"\" lang=\"es\">Con la solicitud de reserva mediante <\/span><span id=\"result_box\" class=\"\" lang=\"es\"><span class=\"\">correo electr\u00f3nico, <\/span><\/span><span id=\"result_box\" class=\"\" lang=\"es\">por tel\u00e9fono, por escrito<span class=\"\">, o directamente a<\/span><span class=\"\"> trav\u00e9s de<\/span> la p\u00e1gina web, el cliente expresa su inter\u00e9s en un tour y ofrece <span class=\"\" style=\"color: #008080;\">liveitup-tours.com<\/span> <span class=\"\">la formalizaci\u00f3n de un<\/span> contrato. <span class=\"\">Esta solicitud no<\/span> <span class=\"\">representa todav\u00eda ning\u00fan<\/span> derecho de formalizaci\u00f3n de un <span class=\"\">contrato con<\/span> <span class=\"\" style=\"color: #008080;\">liveitup-tours.com<\/span>.<\/span><\/p>\n<p>2.3 La formalizaci\u00f3n de un contrato solo podr\u00e1 celebrarse, si&nbsp;<span style=\"color: #008080;\">liveitup-tours.com<\/span> recibe la petici\u00f3n del interesado por escrito y si&nbsp;<span style=\"color: #008080;\">liveitup-tours.com<\/span> env\u00eda una confirmaci\u00f3n a la persona interesada de forma electr\u00f3nica, telef\u00f3nica o por escrito.<\/p>\n<p>2.4 Con la conclusi\u00f3n del contrato, el cliente se compromete a pagar el precio del tour.<\/p>\n<p><b>3.&nbsp;&nbsp;&nbsp;&nbsp;&nbsp;&nbsp;&nbsp; Servicios<\/b><\/p>\n<p>Objeto del contrato es la descripci\u00f3n del tour con sus respectivos precios y servicios tal y como se la encuentra en la presencia web de&nbsp;<span style=\"color: #008080;\">liveitup-tours.com <\/span>as\u00ed como la confirmaci\u00f3n por escrito por parte de <span style=\"color: #008080;\">liveitup-tours.com<\/span>, a menos que en el momento de la reserva se han acordado otras convenciones. Este tipo de convenciones solo se puede hacer por escrito y han de ser demostrado por parte del cliente en caso de discordancia.<\/p>\n<p>Todos los servicios que no est\u00e1n listados en el apartado\u00bbinclu\u00eddo en el precio\u00bb, no forman parte de los servicios del tour ofrecido por <span style=\"color: #008080;\">liveitup-tours.com<\/span>.<\/p>\n<p><b>4.&nbsp;&nbsp;&nbsp;&nbsp;&nbsp;&nbsp;&nbsp; <\/b><b>Pago<\/b><\/p>\n<p>Por lo general, el tour se pagar\u00e1 el mismo d\u00eda pero antes del comienzo del tour en el lugar de las actividades. A menos que la organizaci\u00f3n del tour requiere prepagos. En este caso es necesario un pago anticipado de un m\u00ednimo del 30% del total del precio del tour. El interesado ser\u00e1 informado de la cantidad exacta de este pago anticipado al reservar el tour.<\/p>\n<p><b>5.&nbsp;&nbsp;&nbsp;&nbsp;&nbsp;&nbsp;&nbsp; Precio del Tour<br \/>\n<\/b><\/p>\n<p>El precio del tour incluye todos los servicios listados en el apartado \u00bb Incluido en el precio\u00bb en la web de <span style=\"color: #008080;\">liveitup-tours.com<\/span>.<\/p>\n<p><strong>6.&nbsp;&nbsp;&nbsp;&nbsp;&nbsp;&nbsp;&nbsp; Anulaci\u00f3n por parte del cliente, Cambio de la reserva, sustituto<\/strong><\/p>\n<p>6.1&nbsp; El cliente tiene el derecho de renunciar a su participaci\u00f3n antes de del comienzo del tour. La renuncia ha de efectuarse por escrito, es decir, mediante correo ordinario, fax o email.<\/p>\n<p>6.3&nbsp; Para un tour por el se requiere un anticipo se aplicar\u00e1 las siguientes modalidades:<\/p>\n<ol>\n<li>La renuncia ha de ser transmitida por escrito a <span style=\"color: #008080;\">liveitup-tours.com<\/span>. La renuncia ha de efectuarse por escrito, es decir, mediante correo ordinario, fax o email.<\/li>\n<li><span style=\"color: #008080;\">liveitup-tours.com<\/span> tiene que confirmar la renuncia por escrito.<\/li>\n<li>En caso de renuncia, el cliente ha de abonar una parte del precio total seg\u00fan el siguiente acuerdo:<\/li>\n<\/ol>\n<p style=\"padding-left: 60px;\">a) En caso de renunciar hasta 60 d\u00edas antes de la fecha del tour: 30% del precio total.<\/p>\n<p style=\"padding-left: 60px;\">b) En caso de renunciar de 59 hasta 40 d\u00edas antes de la fecha del tour: 50% del precio total.<\/p>\n<p style=\"padding-left: 60px;\">c) En caso de renunciar de 39 hasta 20 d\u00edas antes de la fecha del tour: 60% del precio total.<\/p>\n<p style=\"padding-left: 60px;\">d) En caso de renunciar de 19 hasta 1 d\u00eda antes de la fecha del tour: 90% del precio total.<\/p>\n<p>6.3&nbsp; El cliente tiene el derecho de nombrar una persona como sustituto, que representa al cliente con todos sus derechos y obligaciones contractuales.<\/p>\n<p>6.4&nbsp; No existe ning\u00fan derecho legal o contractual por parte del cliente respecto a cambios acerca de la fecha, servicios adicionales u otras cicunstancias del contrato establecido.<\/p>\n<p><b>7.&nbsp;&nbsp;&nbsp;&nbsp;&nbsp;&nbsp;&nbsp; <\/b><b>Anulaci\u00f3n por parte de <span style=\"color: #008080;\">liveitup-tours.com<\/span><br \/>\n<\/b><\/p>\n<p>7.1 Si se complica la realizaci\u00f3n del viaje a causa de fuerza mayor, que en el momento de la conclusi\u00f3n del contrato no se pod\u00eda prever, tanto el cliente como <span style=\"color: #008080;\">liveitup-tours.com<\/span> tienen derecho a rescindir el contrato.<\/p>\n<p>7.2&nbsp;<span style=\"color: #008080;\">liveitup-tours.com<\/span> puede rescindir el contrato, si el cliente o sus acompa\u00f1antes perturban de forma duradera y a pesar de advertencia las actividades del tour o si su comportamiento es contrario a lo establecido en el contrato, de manera que una rescisi\u00f3n es justificada.<\/p>\n<p>7.3 En caso de rescisi\u00f3n del contrato,&nbsp;<span style=\"color: #008080;\">liveitup-tours.com<\/span> conserva el derecho a la retenci\u00f3n del importe \u00edntegro del precio del viaje.<\/p>\n<p><b>8.&nbsp;&nbsp;&nbsp;&nbsp;&nbsp;&nbsp;&nbsp; <\/b><b>Responsabilidad<\/b><\/p>\n<p>8.1&nbsp;<span style=\"color: #008080;\">liveitup-tours.com<\/span> se responsabiliza de los siguientes trabajos previos:<\/p>\n<p style=\"padding-left: 30px;\">a) la preparaci\u00f3n concienzuda del tour<br \/>\nb) la selecci\u00f3n cuidadosa y el control de proveedores y realizadores<br \/>\nc) la veracidad de la descripci\u00f3n de los servicios ofrecidos<br \/>\nd) la ejecuci\u00f3n correcta del itinerario del tour.<\/p>\n<p><span style=\"color: #008080;\">liveitup-tours.com<\/span>&nbsp;no se responsabiliza en caso de accidentes causados por negligencia del cliente o de terceros.<\/p>\n<p>8.2&nbsp;<span style=\"color: #008080;\">liveitup-tours.com<\/span> <strong>no<\/strong> asume responsabilidad alguna por agravio de las actividades del tour a causa de fuerzas mayores como violencia, aver\u00edas en la red electrica o de agua, temporales, terremotos, huelgas o guerra.<\/p>\n<p><b>11.&nbsp;&nbsp;&nbsp;&nbsp;&nbsp;&nbsp;&nbsp;&nbsp;<\/b><strong>Competencia judicial y lugar de cumplimiento<\/strong><\/p>\n<p>Lugar de cumplimiento es la sede, o bien el lugar de residencia de la parte demandada.<\/p>\n","protected":false},"excerpt":{"rendered":"<p>Condiciones Generales para nuestros Tours Las siguientes Condiciones Generales constituyen el fundamento para la finalizaci\u00f3n de la contrataci\u00f3n de una excursi\u00f3n entre&nbsp;liveitup-tours.com por un lado e interesados por otro lado. Con el uso de este sitio web, Usted reconoce estas Condiciones Generales. 1.&nbsp;&nbsp;&nbsp;&nbsp;&nbsp;&nbsp;&nbsp; Validez 1.1 Los siguientes t\u00e9rminos y condiciones se aplican a todos los [&hellip;]<\/p>\n","protected":false},"author":1,"featured_media":0,"parent":0,"menu_order":0,"comment_status":"closed","ping_status":"open","template":"","meta":{"footnotes":""},"class_list":["post-3678","page","type-page","status-publish","hentry"],"_links":{"self":[{"href":"https:\/\/liveitup-tours.com\/es\/wp-json\/wp\/v2\/pages\/3678","targetHints":{"allow":["GET"]}}],"collection":[{"href":"https:\/\/liveitup-tours.com\/es\/wp-json\/wp\/v2\/pages"}],"about":[{"href":"https:\/\/liveitup-tours.com\/es\/wp-json\/wp\/v2\/types\/page"}],"author":[{"embeddable":true,"href":"https:\/\/liveitup-tours.com\/es\/wp-json\/wp\/v2\/users\/1"}],"replies":[{"embeddable":true,"href":"https:\/\/liveitup-tours.com\/es\/wp-json\/wp\/v2\/comments?post=3678"}],"version-history":[{"count":0,"href":"https:\/\/liveitup-tours.com\/es\/wp-json\/wp\/v2\/pages\/3678\/revisions"}],"wp:attachment":[{"href":"https:\/\/liveitup-tours.com\/es\/wp-json\/wp\/v2\/media?parent=3678"}],"curies":[{"name":"wp","href":"https:\/\/api.w.org\/{rel}","templated":true}]}}