{"id":2999,"date":"2015-06-01T22:09:05","date_gmt":"2015-06-01T20:09:05","guid":{"rendered":"http:\/\/conil-ferienunterkunft.de\/?page_id=2999"},"modified":"2020-02-23T21:41:12","modified_gmt":"2020-02-23T20:41:12","slug":"encontrar-excursion","status":"publish","type":"page","link":"https:\/\/liveitup-tours.com\/es\/encontrar-excursion\/","title":{"rendered":"Encontrar excursi\u00f3n en Andaluc\u00eda"},"content":{"rendered":"<h2>\u00bfC\u00f3mo encontrar excursi\u00f3<strong>n en Andaluc\u00eda en nuestra p\u00e1gina web?<br \/>\n<\/strong><\/h2>\n<p>Encontrar excursi\u00f3n en Andaluc\u00eda: Nuestra p\u00e1gina web le ofrece varias opciones de encontrar la excursi\u00f3n adecuada:<\/p>\n<ul>\n<li>La funci\u00f3n de b\u00fasqueda de nuestra <a href=\"https:\/\/liveitup-tours.com\/es\/\">p\u00e1gina de inicio (Homepage)<\/a><\/li>\n<\/ul>\n<p style=\"padding-left: 30px;\">Simplemente seleccione la opci\u00f3n correspondiente a su b\u00fasqueda y haga clic en el bot\u00f3n \u00abIniciar B\u00fasqueda\u00bb en la p\u00e1gina principal. Opcionalmente puede especificar localidad, per\u00edodo o fecha del viaje o tour.<\/p>\n<p style=\"padding-left: 30px;\">A continuaci\u00f3n se abre un listado con todas nuestras ofertas.<\/p>\n<ul>\n<li>A trav\u00e9s del enlace <a href=\"https:\/\/liveitup-tours.com\/es\/destinos\/\">Destinos<\/a><\/li>\n<\/ul>\n<p style=\"padding-left: 30px;\">Si usted ya ha decidido en que lugar va a pasar sus vacaciones, esta es la variante m\u00e1s c\u00f3moda para encontrar el tour adecuado.<\/p>\n<p style=\"padding-left: 30px;\">Haga clic en el enlace \u00abLocalidades\u00bb de la navegaci\u00f3n principal y se mostrar\u00e1n todas las localidades en que nosotros ofrecemos excursiones. Si ya conoce su localidad, use el bot\u00f3n \u00abVer todo\u00bb del lugar en cuesti\u00f3n, para ver todos los tours disponibles. Adem\u00e1s de informaci\u00f3n sobre actividades, vida nocturna y cultura, encuentra una pesta\u00f1a llamada \u00abexcursiones\u00bb&nbsp; o \u00abviajes\u00bb que muestra un listado de todas nuestras ofertas.<\/p>\n<ul>\n<li>En el enlace <a href=\"https:\/\/liveitup-tours.com\/es\/destinos\/\">Excursi\u00f3nes<\/a><strong><br \/>\n<\/strong><\/li>\n<\/ul>\n<p style=\"padding-left: 30px;\">Usted ha elegido Andaluc\u00eda como destino y sabe que tipo de excursi\u00f3n le interesa, pero todav\u00eda no tiene claro en que localidad se va a alojar, entonces ser\u00eda esta la opci\u00f3n m\u00e1s apropiada.<\/p>\n<p style=\"padding-left: 30px;\">Pase el cursor sobre la pesta\u00f1a \u00abExcursiones\u00bb en la navegaci\u00f3n principal para as\u00ed abrir un submen\u00fa que muestra las distintas categor\u00edas de excursiones que ofrecemos. Para visualizar todos los objetos de un tipo determinado, seleccione la categor\u00eda que le interese.<\/p>\n<ul>\n<li>Afinar la b\u00fasqueda<\/li>\n<\/ul>\n<p style=\"padding-left: 30px;\">En la p\u00e1gina de resultados tiene la posibilidad de afinar la b\u00fasqueda seg\u00fan sus intereses.<\/p>\n<p style=\"padding-left: 30px;\">En la barra en el lateral derecho puede ajustar la b\u00fasqueda conforme con diversos criterios como precio, tipo de excursi\u00f3n, evaluaci\u00f3n del ofertante o de clientes, per\u00edodo o fecha y destinaci\u00f3n.<\/p>\n<hr>\n<h2>Selecci\u00f3n de la excursi\u00f3n y consulta<\/h2>\n<p style=\"padding-left: 30px;\">Si le interesa uno de los tours ofrecidos, haga clic en el enlace \u00abM\u00e1s Info\u00bb para informarse sobre los detalles. A continuaci\u00f3n tiene la posibilidad de hacer una consulta sobre el tour elegido pulsando el bot\u00f3n \u00abconsultar\u00bb. Su petici\u00f3n ser\u00e1 tramitada con la mayor brevedad posible. Si lo desea, nos puede contactar tambi\u00e9n por tel\u00e9fono para aligerar su consulta.<\/p>\n<p style=\"padding-left: 30px;\">Aunque nos ezforzamos mucho para mantener nuestra oferta actualizada, puede ocurrir, que surjan confusiones respecto a temas como&nbsp; disponibilidad, horario \u00f3 itinerario del alojamiento. Estamos a su disposici\u00f3n las 24 horas del d\u00eda.<\/p>\n<p style=\"padding-left: 30px;\"><strong>Con su petici\u00f3n, ni usted ni nosotros entramos en un compromiso u obligaci\u00f3n alguno!<\/strong><\/p>\n<p>&nbsp;<\/p>\n","protected":false},"excerpt":{"rendered":"<p>\u00bfC\u00f3mo encontrar excursi\u00f3n en Andaluc\u00eda en nuestra p\u00e1gina web? Encontrar excursi\u00f3n en Andaluc\u00eda: Nuestra p\u00e1gina web le ofrece varias opciones de encontrar la excursi\u00f3n adecuada: La funci\u00f3n de b\u00fasqueda de nuestra p\u00e1gina de inicio (Homepage) Simplemente seleccione la opci\u00f3n correspondiente a su b\u00fasqueda y haga clic en el bot\u00f3n \u00abIniciar B\u00fasqueda\u00bb en la p\u00e1gina principal. [&hellip;]<\/p>\n","protected":false},"author":1,"featured_media":0,"parent":0,"menu_order":0,"comment_status":"closed","ping_status":"open","template":"","meta":{"footnotes":""},"class_list":["post-2999","page","type-page","status-publish","hentry"],"_links":{"self":[{"href":"https:\/\/liveitup-tours.com\/es\/wp-json\/wp\/v2\/pages\/2999","targetHints":{"allow":["GET"]}}],"collection":[{"href":"https:\/\/liveitup-tours.com\/es\/wp-json\/wp\/v2\/pages"}],"about":[{"href":"https:\/\/liveitup-tours.com\/es\/wp-json\/wp\/v2\/types\/page"}],"author":[{"embeddable":true,"href":"https:\/\/liveitup-tours.com\/es\/wp-json\/wp\/v2\/users\/1"}],"replies":[{"embeddable":true,"href":"https:\/\/liveitup-tours.com\/es\/wp-json\/wp\/v2\/comments?post=2999"}],"version-history":[{"count":0,"href":"https:\/\/liveitup-tours.com\/es\/wp-json\/wp\/v2\/pages\/2999\/revisions"}],"wp:attachment":[{"href":"https:\/\/liveitup-tours.com\/es\/wp-json\/wp\/v2\/media?parent=2999"}],"curies":[{"name":"wp","href":"https:\/\/api.w.org\/{rel}","templated":true}]}}