{"id":1655,"date":"2014-03-19T18:26:22","date_gmt":"2014-03-19T17:26:22","guid":{"rendered":"http:\/\/conil-ferienunterkunft.de\/?page_id=1655"},"modified":"2024-09-13T21:12:52","modified_gmt":"2024-09-13T19:12:52","slug":"aviso-legal","status":"publish","type":"page","link":"https:\/\/liveitup-tours.com\/es\/aviso-legal\/","title":{"rendered":"Aviso Legal"},"content":{"rendered":"<p><strong>Responsable de esta presencia en internet es:<\/strong><\/p>\n<h2><em>Live it up! Tours &#8211; Andalusia<br \/>\n<\/em><\/h2>\n<address>C\/ Antonio Machado 46<\/address>\n<address>41920 San Juan de Aznalfarache (Sevilla)<\/address>\n<address>Tel.: 0034 &#8211; 693 50 92 94<\/address>\n<address>E-Mail: info|at|liveitup-tours.com (reemplazar|at| por @)<\/address>\n<address>N\u00famero de Afiliaci\u00f3n de la Consejer\u00eda de la Junta de Andaluc\u00eda &#8211; RTA: AT\/SE\/00125<\/address>\n<p>&nbsp;<\/p>\n<p><strong>Responsabilidad<\/strong><\/p>\n<ul>\n<li>Se excluye la responsabilidad de la actualidad de nuestra oferta.<\/li>\n<li>Como proveedor de servicios somos responsables del contenido de nuestro sitio web.<\/li>\n<li>Sin embargo, no tenemos la obligaci\u00f3n de supervisar informaci\u00f3n ajena transmitida o almacenada.<\/li>\n<\/ul>\n<p><strong>Enlaces<\/strong><\/p>\n<ul>\n<li>A pesar del cuidadoso control del contenido de nuestra p\u00e1gina, no asumimos responsabilidad alguna por el contenido de enlaces externos. La responsabilidad del contenido de p\u00e1ginas enlazadas es exclusivamente del operador original.<\/li>\n<\/ul>\n<p><strong>Propiedad intelectual<br \/>\n<\/strong><\/p>\n<ul>\n<li>El contenido de nuestro sitio web ha sido creado por nosotros o cedidos con autorizaci\u00f3n expresa por los autores.<\/li>\n<\/ul>\n<p><strong>Protecci\u00f3n de datos<br \/>\n<\/strong><\/p>\n<ul>\n<li>La seguridad y confidencialidad de sus datos tiene prioridad para nosotros. Utilizamos sus datos exclusivamente para la mediaci\u00f3n de alojamientos vacacionales y otros servicios tur\u00edsticos ofrecidos por nosotros. Sus datos no ser\u00e1n transmitidos a terceros sin su permiso.<\/li>\n<li>Rechazamos expresamente el uso de sus datos por terceros para el env\u00edo de publicidad no requerida. Los operadores de este sitio web se reservan el derecho de aplicar medidas legales contra el env\u00edo de informaci\u00f3n promocional as\u00ed como \u00abemails spam\u00bb (correo basura).<\/li>\n<\/ul>\n<p><strong>Pol\u00edtica de privacidad para el uso de plugins de redes sociales<\/strong><\/p>\n<ul>\n<li>En nuestra p\u00e1gina web usamos plugins de la red social Facebook, con sede en 1601 South California Avenue, Palo Alto, CA 94304, USA. Los plugins reconocer\u00e1 por sus logos. Una lista completa de logos de Facebook encontrar\u00e1 aqu\u00ed: <a title=\"Facebook Logos\" href=\"http:\/\/developers.facebook.com\/docs\/plugins\/\" target=\"_blank\" rel=\"noopener\">http:\/\/developers.facebook.com\/docs\/plugins\/<\/a>. Si visita nuestro enlace en las p\u00e1ginas de Facebook, se establecer\u00e1 una conexi\u00f3n entre su browser (navegador) y el servidor de Facebook. De esta manera, Facebook recibe la informaci\u00f3n de que Usted ha visitado nuestra presencia en Facebook mediante su direcci\u00f3n IP. Si hace clic en el bot\u00f3n \u00abLike\u00bb en nuestra presencia en Facebook mientras est\u00e1 registrado con su cuenta Facebook, puede enlazar el contenido de nuestra p\u00e1gina con su cuenta en Facebook. De esta manera, Facebook puede su visita en nuestras p\u00e1ginas a su cuenta Facebook. Queremos destacar, que nosotros como proveedor de estas p\u00e1ginas no tenemos conocimiento alguno del contenido de los datos transferidos. M\u00e1s informaci\u00f3n sobre el tema encontrar\u00e1 en la <a title=\"Pol\u00edtica de privacidad de facebook\" href=\"https:\/\/de-de.facebook.com\/about\/privacy\/\" target=\"_blank\" rel=\"noopener\">pol\u00edtica de privacidad de Facebook<\/a>.<\/li>\n<li>Si no desea que Facebook pueda asignar la visita de nuestras p\u00e1ginas a su cuenta de usuario de Facebook, cierre la sesi\u00f3n de su cuenta temporalmente.<\/li>\n<li>Lo mismo se aplicar\u00e1 para plugins de otras redes sociales.<\/li>\n<\/ul>\n<p><strong>Pol\u00edtica de privacidad para el uso de Google Analytics<br \/>\n<\/strong><\/p>\n<div id=\"gt-res-c\" class=\"g-unit\">\n<div id=\"gt-res-p\">\n<div id=\"gt-res-data\">\n<div id=\"gt-res-wrap\">\n<div id=\"gt-res-content\">\n<div dir=\"ltr\"><span id=\"result_box\" class=\"\" lang=\"es\"><span title=\"Diese Website benutzt Google Analytics, einen Webanalysedienst der Google Inc. (\u201eGoogle\u201c).\">Esta p\u00e1gina web utiliza Google Analytics, un servicio de an\u00e1lisis web de Google Inc. ( \u00abGoogle\u00bb). <\/span><span title=\"Google Analytics verwendet sog. \u201eCookies\u201c, Textdateien, die auf Ihrem Computer gespeichert werden und die eine Analyse der Benutzung der Website durch Sie erm\u00f6glichen.\">Google Analytics utiliza \u00abcookies\u00bb, archivos de texto que se almacenan en su ordenador y permiten un an\u00e1lisis de su uso del sitio web. <\/span><span title=\"Die durch das Cookie erzeugten Informationen \u00fcber Ihre Benutzung dieser Website werden in der Regel an einen Server von Google in den USA \u00fcbertragen und dort gespeichert.\">La informaci\u00f3n que genera el \u00abcookie\u00bb acerca de su uso de este sitio web por lo general se transfiere a un servidor de Google en EE.UU. y se almacena all\u00ed. <\/span><span title=\"Im Falle der Aktivierung der IP-Anonymisierung auf dieser Website, wird Ihre IP-Adresse von Google jedoch innerhalb von Mitgliedstaaten der Europ\u00e4ischen Union oder in anderen Vertragsstaaten des Abkommens \u00fcber den Europ\u00e4ischen Wirtschaftsraum zuvor gek\u00fcrzt.\">En caso de activaci\u00f3n de la anonimizaci\u00f3n de IP en este sitio web, su direcci\u00f3n IP se truncar\u00e1 en los Estados miembros de la Uni\u00f3n Europea o de otras partes en el Acuerdo sobre el Espacio Econ\u00f3mico Europeo. <\/span><span title=\"Nur in Ausnahmef\u00e4llen wird die volle IP-Adresse an einen Server von Google in den USA \u00fcbertragen und dort gek\u00fcrzt.\">S\u00f3lo en casos excepcionales la direcci\u00f3n IP completa transferido a un servidor de Google en los EE.UU. y se acorta all\u00ed. <\/span><span title=\"Im Auftrag des Betreibers dieser Website wird Google diese Informationen benutzen, um Ihre Nutzung der Website auszuwerten, um Reports \u00fcber die Websiteaktivit\u00e4ten zusammenzustellen und um weitere mit der Websitenutzung und der Internetnutzung verbundene Dienstleistungen gegen\u00fcber dem Websitebetreiber zu erbringen.\">En nombre del operador de la p\u00e1gina Google usar\u00e1 esta informaci\u00f3n para evaluar su uso del sitio web, recopilando informes de la actividad del website y prestando otros servicios con el sitio web y relacionadas con Internet a la p\u00e1gina web del operador. <\/span><span title=\"Die im Rahmen von Google Analytics von Ihrem Browser \u00fcbermittelte IP-Adresse wird nicht mit anderen Daten von Google zusammengef\u00fchrt.\">Se lleva a cabo como parte de Google Analytics que su direcci\u00f3n IP no se fusionar\u00e1 con otros datos de Google. <\/span><span title=\"Sie k\u00f6nnen die Speicherung der Cookies durch eine entsprechende Einstellung Ihrer Browser-Software verhindern;\">Usted puede rechazar el uso de cookies mediante el ajuste de su software de navegaci\u00f3n; <\/span><span title=\"wir weisen Sie jedoch darauf hin, dass Sie in diesem Fall gegebenenfalls nicht s\u00e4mtliche Funktionen dieser Website vollumf\u00e4nglich werden nutzen k\u00f6nnen.\">Sin embargo, se\u00f1alamos que se puede utilizar opcionalmente en toda su extensi\u00f3n en este caso no todas las caracter\u00edsticas de este sitio web. <\/span><span title=\"Sie k\u00f6nnen dar\u00fcber hinaus die Erfassung der durch das Cookie erzeugten und auf Ihre Nutzung der Website bezogenen Daten (inkl. Ihrer IP-Adresse) an Google sowie die Verarbeitung dieser Daten durch Google verhindern, indem Sie das unter dem folgenden Link (http:\/\/\">Tambi\u00e9n puede evitar que los datos generados por los \u00abcookies\u00bb acerca de su uso del sitio web de Google y el tratamiento de estos datos por parte de Google, en el siguiente enlace <a href=\"https:\/\/tools.google.com\/dlpage\/gaoptout?hl=es-ES\" target=\"_blank\" rel=\"noopener\">https:\/\/tools.google.com\/dlpage\/gaoptout?hl=es-ES<\/a><\/span><span title=\"tools.google.com\/dlpage\/gaoptout?hl=de) verf\u00fcgbare Browser-Plugin herunterladen und installieren.\">.<\/span><\/span><\/div>\n<\/div>\n<\/div>\n<\/div>\n<\/div>\n<\/div>\n<p>&nbsp;<\/p>\n<p>&nbsp;<\/p>\n","protected":false},"excerpt":{"rendered":"<p>Responsable de esta presencia en internet es: Live it up! Tours &#8211; Andalusia C\/ Antonio Machado 46 41920 San Juan de Aznalfarache (Sevilla) Tel.: 0034 &#8211; 693 50 92 94 E-Mail: info|at|liveitup-tours.com (reemplazar|at| por @) N\u00famero de Afiliaci\u00f3n de la Consejer\u00eda de la Junta de Andaluc\u00eda &#8211; RTA: AT\/SE\/00125 &nbsp; Responsabilidad Se excluye la responsabilidad [&hellip;]<\/p>\n","protected":false},"author":1,"featured_media":0,"parent":0,"menu_order":0,"comment_status":"closed","ping_status":"open","template":"","meta":{"footnotes":""},"class_list":["post-1655","page","type-page","status-publish","hentry"],"_links":{"self":[{"href":"https:\/\/liveitup-tours.com\/es\/wp-json\/wp\/v2\/pages\/1655","targetHints":{"allow":["GET"]}}],"collection":[{"href":"https:\/\/liveitup-tours.com\/es\/wp-json\/wp\/v2\/pages"}],"about":[{"href":"https:\/\/liveitup-tours.com\/es\/wp-json\/wp\/v2\/types\/page"}],"author":[{"embeddable":true,"href":"https:\/\/liveitup-tours.com\/es\/wp-json\/wp\/v2\/users\/1"}],"replies":[{"embeddable":true,"href":"https:\/\/liveitup-tours.com\/es\/wp-json\/wp\/v2\/comments?post=1655"}],"version-history":[{"count":0,"href":"https:\/\/liveitup-tours.com\/es\/wp-json\/wp\/v2\/pages\/1655\/revisions"}],"wp:attachment":[{"href":"https:\/\/liveitup-tours.com\/es\/wp-json\/wp\/v2\/media?parent=1655"}],"curies":[{"name":"wp","href":"https:\/\/api.w.org\/{rel}","templated":true}]}}