{"id":1652,"date":"2014-03-19T17:46:43","date_gmt":"2014-03-19T16:46:43","guid":{"rendered":"http:\/\/conil-ferienunterkunft.de\/?page_id=1652"},"modified":"2020-02-23T21:05:54","modified_gmt":"2020-02-23T20:05:54","slug":"faqs-3","status":"publish","type":"page","link":"https:\/\/liveitup-tours.com\/es\/faqs-3\/","title":{"rendered":"FAQ&#8217;s"},"content":{"rendered":"<p>Aqu\u00ed encontrar\u00e1 una colecci\u00f3n de las preguntas m\u00e1s frecuentes sobre nuestros servicios:<a id=\"arriba\"><\/a><\/p>\n<p><em>Informaci\u00f3n general<strong><br \/>\n<\/strong><\/em><\/p>\n<ul>\n<li><a title=\"Costa Home Travels\" href=\"https:\/\/liveitup-tours.com\/es\/faqs-3\/#costa-home-travels\">\u00bfQui\u00e9n es Live it up! Tours Andalusia?<\/a><\/li>\n<li><a title=\"condiciones generales\" href=\"https:\/\/liveitup-tours.com\/es\/faqs-3\/#condiciones-generales\">\u00bfD\u00f3nde encuentro las condiciones generales de Live it up! Tours Andalusia?<\/a><\/li>\n<\/ul>\n<p><em>B\u00fasqueda de un alojamiento u otros servicios<strong><br \/>\n<\/strong><\/em><\/p>\n<ul>\n<li><a title=\"encotrar alojamiento\" href=\"https:\/\/liveitup-tours.com\/es\/faqs-3\/#encontrar\">\u00bfCual es la manera m\u00e1s r\u00e1pida de encontrar una excursi\u00f3n en las p\u00e1ginas de Live it up! Tours Andalusia?<\/a><\/li>\n<li><a title=\"disponibilidad\" href=\"https:\/\/liveitup-tours.com\/es\/faqs-3\/#disponible\">\u00bfC\u00f3mo puedo averiguar si una excursi\u00f3n est\u00e1 disponible?<\/a><\/li>\n<li><a title=\"Precio del alojamiento\" href=\"https:\/\/liveitup-tours.com\/es\/faqs-3\/#precio\">\u00bfC\u00f3mo puedo averiguar el precio de una excursi\u00f3n para una fecha determinada?<\/a><\/li>\n<li><a title=\"donde se encuentra el alojamiento\" href=\"https:\/\/liveitup-tours.com\/es\/faqs-3\/#donde\">\u00bfC\u00f3mo puedo ver d\u00f3nde exactamente se organiza una excursi\u00f3n?<\/a><\/li>\n<\/ul>\n<p><em>Reserva<\/em><\/p>\n<ul>\n<li><a title=\"reservar un alojamiento\" href=\"https:\/\/liveitup-tours.com\/es\/faqs-3\/#reservar\">\u00bfC\u00f3mo reservo una excursi\u00f3n?<\/a><\/li>\n<li><a title=\"reservar y pagar un alojamiento\" href=\"https:\/\/liveitup-tours.com\/es\/faqs-3\/#pagar\">\u00bfPuedo reservar una excursi\u00f3n y pagar m\u00e1s adelante?<\/a><\/li>\n<li><a title=\"antelacion\" href=\"https:\/\/liveitup-tours.com\/es\/faqs-3\/#antelacion\">\u00bfCon cuanto tiempo de antelaci\u00f3n tengo que reservar una excursi\u00f3n?<\/a><\/li>\n<li><a title=\"confirmacion de la reserva\" href=\"https:\/\/liveitup-tours.com\/es\/faqs-3\/#confirmar\">\u00bfC\u00f3mo ser\u00e1 confirmada mi reserva?<\/a><\/li>\n<\/ul>\n<p><em>Cancelaci\u00f3n o modificaci\u00f3n de la reserva<strong><br \/>\n<\/strong><\/em><\/p>\n<ul>\n<li><a title=\"anulacion\" href=\"https:\/\/liveitup-tours.com\/es\/faqs-3\/#cancelar\">\u00bfC\u00f3mo puedo anular mi reserva?<\/a><\/li>\n<li><a title=\"coste de la anulacion\" href=\"https:\/\/liveitup-tours.com\/es\/faqs-3\/#coste\">\u00bfQu\u00e9 coste tiene la anulaci\u00f3n de una reserva?<\/a><\/li>\n<li><a title=\"modificar la reserva\" href=\"https:\/\/liveitup-tours.com\/es\/faqs-3\/#modificar\">\u00bfEs posible modificar una reserva respecto a las actividades o la fecha?<\/a><\/li>\n<li><a title=\"seguro de viaje\" href=\"https:\/\/liveitup-tours.com\/es\/faqs-3\/#seguro\">\u00bfOfrece Live it up! Tours Andalusia un seguro de viaje?<\/a><\/li>\n<\/ul>\n<p><em>Sobre la estancia<strong><br \/>\n<\/strong><\/em><\/p>\n<ul>\n<li><a title=\"documento\" href=\"https:\/\/liveitup-tours.com\/es\/faqs-3\/#documento\">\u00bfRecibir\u00e9 un documento con informaci\u00f3n detallada sobre la excursi\u00f3n?<\/a><\/li>\n<li><a title=\"problemas\" href=\"https:\/\/liveitup-tours.com\/es\/faqs-3\/#problemas\">\u00bfA qui\u00e9n me dirijo en caso de que surjan problemas durante el transcurso de la excursi\u00f3n?<\/a><\/li>\n<li><a title=\"valoracion de un alojamiento\" href=\"https:\/\/liveitup-tours.com\/es\/faqs-3\/#valoracion\">\u00bfD\u00f3nde y c\u00f3mo puedo dejar una valoraci\u00f3n sobre la excursi\u00f3n?<\/a><\/li>\n<\/ul>\n<p>&nbsp;<\/p>\n<hr>\n<p>&nbsp;<\/p>\n<p><em>Informaci\u00f3n general<strong><br \/>\n<\/strong><\/em><a id=\"costa-home-travels\"><\/a><\/p>\n<ul>\n<li><strong>\u00bfQui\u00e9n es <em>Live it up! Tours Andalusia<\/em>?<\/strong><\/li>\n<\/ul>\n<p><em>Live it up! Tours Andalusia<\/em> es un operador tur\u00edstico especializado en la organizaci\u00f3n de excursiones en Andaluc\u00eda y aqu\u00ed especialmente en Sevilla y la <em>Costa de la Luz<\/em>.<\/p>\n<p><a title=\"volver al principio\" href=\"https:\/\/liveitup-tours.com\/es\/faqs-3\/#arriba\">volver al principio<\/a><\/p>\n<ul id=\"condiciones-generales\">\n<li><strong>\u00bfD\u00f3nde encuentro las condiciones generales de <em>Live it up! Tours Andalusia<\/em>?<\/strong><\/li>\n<\/ul>\n<p>Nuestras condiciones Generales puede encontrar <a title=\"condiciones generales del negocio\" href=\"https:\/\/liveitup-tours.com\/es\/condiciones-generales\/\">aqu\u00ed<\/a>.<\/p>\n<p><a title=\"volver al principio\" href=\"https:\/\/liveitup-tours.com\/es\/faqs-3\/#arriba\">volver al principio<\/a><\/p>\n<p><em>B\u00fasqueda de una excursi\u00f3n u otros servicios<strong><br \/>\n<\/strong><\/em><a id=\"encontrar\"><\/a><\/p>\n<ul>\n<li><strong>\u00bfCual es la manera m\u00e1s r\u00e1pida de encontrar un alojamiento en las p\u00e1ginas de <em>Live it up! Tours Andalusia<\/em>?<\/strong><\/li>\n<\/ul>\n<p>Seg\u00fan la informaci\u00f3n (sobre sus vacaciones) de la que usted disponga, tiene varias opciones para la b\u00fasqueda de una excursi\u00f3n que mejor se adapta a sus intereses. Pues, puede buscar por tipo de excursi\u00f3n, por la localidad donde se va a alojar o directamente a trav\u00e9s de del filtro de b\u00fasqueda en nuestra p\u00e1gina principal (\u00abhomepage\u00bb). Para m\u00e1s informaci\u00f3n sobre como encontrar una excursi\u00f3n haga clic <a title=\"Encontrar alojamiento\" href=\"https:\/\/liveitup-tours.com\/es\/encontrar-alojamiento\/\">aqu\u00ed<\/a>.<\/p>\n<p><a title=\"volver al principio\" href=\"https:\/\/liveitup-tours.com\/es\/faqs-3\/#arriba\">volver al principio<\/a><\/p>\n<ul id=\"disponible\">\n<li><strong>\u00bfC\u00f3mo puedo averiguar si una excursi\u00f3n est\u00e1 disponible?<\/strong><\/li>\n<\/ul>\n<p>En la p\u00e1gina de la descripci\u00f3n detallada de una excursi\u00f3n dispone de dos opciones para ver la disponibilidad. En primer lugar encuentra bajo la pesta\u00f1a \u00abDisponibilidad\u00bb un calendario de reserva, donde puede ver las fechas en las que la excursi\u00f3n tiene todav\u00eda plazas libres. En segundo lugar dispone en la pesta\u00f1a \u00abDescripci\u00f3n\u00bb de un calendario que muestra las fechas en las que quedan plazas libres.<a id=\"precio\"><\/a><\/p>\n<p><a title=\"volver al principio\" href=\"https:\/\/liveitup-tours.com\/es\/faqs-3\/#arriba\">volver al principio<\/a><\/p>\n<ul>\n<li><strong>\u00bfC\u00f3mo puedo averiguar el precio de una excursi\u00f3n para una fecha determinada?<\/strong><\/li>\n<\/ul>\n<p>En la p\u00e1gina de la descripci\u00f3n detallada de una excursi\u00f3n haga clic en la fecha de reserva. Aparece un bot\u00f3n \u00abReservar\u00bb. Al pulsar dicho bot\u00f3n se abre el formulario de reserva en el que encuentra el coste total de la excursi\u00f3n para la fecha indicada.<\/p>\n<p>Bajo la pesta\u00f1a \u00abDescripci\u00f3n\u00bb, encuentra adem\u00e1s una lista de precios donde aparecen las tarifas de una excursi\u00f3n a un vistazo.<a id=\"donde\"><\/a><\/p>\n<p><a title=\"volver al principio\" href=\"https:\/\/liveitup-tours.com\/es\/faqs-3\/#arriba\">volver al principio<\/a><\/p>\n<ul>\n<li><strong>\u00bfC\u00f3mo puedo ver d\u00f3nde tiene lugar la excursi\u00f3n exactamente?<\/strong><\/li>\n<\/ul>\n<p>Esta informaci\u00f3n se encuentra en la pesta\u00f1a \u00abMapa\u00bb en la p\u00e1gina de la informaci\u00f3n detallada sobre la excursi\u00f3n.<\/p>\n<p><a title=\"volver al principio\" href=\"https:\/\/liveitup-tours.com\/es\/faqs-3\/#arriba\">volver al principio<\/a><\/p>\n<p><em>Reserva<\/em><a id=\"reservar\"><\/a><\/p>\n<ul id=\"reservar\">\n<li><strong>\u00bfC\u00f3mo reservo una excursi\u00f3n?<\/strong><\/li>\n<\/ul>\n<p>Una excursi\u00f3n puede reservar de tres maneras:<\/p>\n<blockquote>\n<ol>\n<ol>\n<li>Haga clic en la fecha deseada y pulse el bot\u00f3n \u00abReservar\u00bb. A continuaci\u00f3n se abre el formulario de reserva. Rellenelo y haga clic en \u00abenviar\u00bb.<\/li>\n<li>Puede hacer una consulta sobre una excursi\u00f3n pulsando el bot\u00f3n \u00abConsultar\u00bb. Aparece un formulario de consulta. Rellenelo y haga una reserva.<\/li>\n<li>Nos puede contactar por tel\u00e9fono.<\/li>\n<\/ol>\n<\/ol>\n<\/blockquote>\n<p><a title=\"volver al principio\" href=\"https:\/\/liveitup-tours.com\/es\/faqs-3\/#arriba\">volver al principio<\/a><\/p>\n<ul id=\"pagar\">\n<li><strong>\u00bfPuedo reservar una excursi\u00f3n y pagar m\u00e1s adelante?<\/strong><\/li>\n<\/ul>\n<p>Existe la posibilidad de reservar una excursi\u00f3n mediante el bot\u00f3n \u00abConsultar\u00bb. Tenga en cuenta, que el pago se ha de realizar dentro de un plazo determinado.<\/p>\n<p><a title=\"volver al principio\" href=\"https:\/\/liveitup-tours.com\/es\/faqs-3\/#arriba\">volver al principio<\/a><\/p>\n<ul id=\"antelacion\">\n<li><strong>\u00bfCon cuanto tiempo de antelaci\u00f3n tengo que reservar una excursi\u00f3n?<\/strong><\/li>\n<\/ul>\n<p>Una excursi\u00f3n se puede reservar en cualquier momento, mientras queden plazas disponibles.<\/p>\n<p><a title=\"volver al principio\" href=\"https:\/\/liveitup-tours.com\/es\/faqs-3\/#arriba\">volver al principio<\/a><\/p>\n<ul id=\"confirmar\">\n<li><strong>\u00bfC\u00f3mo se confirma mi reserva?<\/strong><\/li>\n<\/ul>\n<p>Despu\u00e9s de la reserva recibir\u00e1 una confirmaci\u00f3n v\u00eda email.<\/p>\n<p><a title=\"volver al principio\" href=\"https:\/\/liveitup-tours.com\/es\/faqs-3\/#arriba\">volver al principio<\/a><\/p>\n<p><em>Pago<\/em><a id=\"forma-de-pago\"><\/a><\/p>\n<ul>\n<li><strong>\u00bfQu\u00e9 formas de pago acepta Live it up! Tours Andalusia?<\/strong><\/li>\n<\/ul>\n<p>Por lo general, el importe de la excursion ser\u00e1 abonado en el mismo lugar antes del comienzo. En casos excepcionales un dep\u00f3sito de una parte del precio total tiene que ser abonado con antelaci\u00f3n. Este pago se puede realizar mediante tarjeta de cr\u00e9dito o transferencia bancaria.<\/p>\n<p><a title=\"volver al principio\" href=\"https:\/\/liveitup-tours.com\/es\/faqs-3\/#arriba\">volver al principio<\/a><\/p>\n<p><em>Cancelaci\u00f3n o modificaci\u00f3n de la reserva<strong><br \/>\n<\/strong><\/em><a id=\"cancelar\"><\/a><\/p>\n<ul>\n<li><strong>\u00bfC\u00f3mo puedo cancelar mi reserva?<\/strong><\/li>\n<\/ul>\n<p>Puede anular su reserva en todo momento. Puede hacerlo mediante email, por correo ordinario o por tel\u00e9fono. Determinante para la anulaci\u00f3n es la fecha de entrada en las oficinas de <em>Live it up! Tours Andalusia<\/em>.<\/p>\n<p><a title=\"volver al principio\" href=\"https:\/\/liveitup-tours.com\/es\/faqs-3\/#arriba\">volver al principio<\/a><\/p>\n<ul id=\"coste\">\n<li><strong>\u00bfQu\u00e9 coste tiene la anulaci\u00f3n de una reserva?<\/strong><\/li>\n<\/ul>\n<p>La cancelaci\u00f3n genera costes de anulaci\u00f3n correspondientes a lo estipulado en nuestras <a title=\"condiciones generales\" href=\"https:\/\/liveitup-tours.com\/es\/condiciones-generales\/\">condiciones generales<\/a>.<a id=\"modificar\"><\/a><\/p>\n<p><a title=\"volver al principio\" href=\"https:\/\/liveitup-tours.com\/es\/faqs-3\/#arriba\">volver al principio<\/a><\/p>\n<ul>\n<li><strong>\u00bfEs posible modificar una reserva respecto a las actividades o la fecha?<\/strong><\/li>\n<\/ul>\n<p>Naturalmente se puede modificar la reserva, siempre y cuando una excursi\u00f3n alternativa tenga plazas disponibles.<\/p>\n<p><a title=\"volver al principio\" href=\"https:\/\/liveitup-tours.com\/es\/faqs-3\/#arriba\">volver al principio<\/a><\/p>\n<ul id=\"seguro\">\n<li><strong>\u00bfOfrece <em>Live it up! Tours Andalusia<\/em> un seguro de viaje?<\/strong><\/li>\n<\/ul>\n<p>No. Pero estamos a su disposici\u00f3n para asesorarles en este tema.<\/p>\n<p><a title=\"volver al principio\" href=\"https:\/\/liveitup-tours.com\/es\/faqs-3\/#arriba\">volver al principio<\/a><\/p>\n<p><em>Sobre la estancia<strong><br \/>\n<\/strong><\/em><a id=\"documento\"><\/a><\/p>\n<ul>\n<li><strong>\u00bfRecibir\u00e9 un documento con informaci\u00f3n detallada sobre la excursi\u00f3n?<\/strong><\/li>\n<\/ul>\n<p>S\u00ed, con la confirmaci\u00f3n de su reserva recibir\u00e1 un documento con informaci\u00f3n detallada sobre la excursi\u00f3n y temas relacionados con su estancia.<a id=\"llaves\"><\/a><\/p>\n<p><a title=\"volver al principio\" href=\"https:\/\/liveitup-tours.com\/es\/faqs-3\/#arriba\">volver al principio<\/a><\/p>\n<ul id=\"problemas\">\n<li><strong>\u00bfA qui\u00e9n me dirijo en caso de problemas respecto al transcurso de la excursi\u00f3n?<\/strong><\/li>\n<\/ul>\n<p>Si usted se da cuenta, de que el transcurso o las actividades de una excursi\u00f3n en la que usted participa, no corresponde a lo contratado, ha de informar inmediatamente a Live it up! Tours Andalusia. Nosotros nos encargamos inmediatamente de remediar dichos problemas.<\/p>\n<p><a title=\"volver al principio\" href=\"https:\/\/liveitup-tours.com\/es\/faqs-3\/#arriba\">volver al principio<\/a><\/p>\n<ul id=\"valoracion\">\n<li><strong>\u00bfD\u00f3nde y c\u00f3mo puedo dejar una valoraci\u00f3n sobre la excursi\u00f3n?<\/strong><\/li>\n<\/ul>\n<p>Puede dejar una valoraci\u00f3n sobre la excursi\u00f3n en la que ha participado despu\u00e9s o durante su estancia. El formulario para una evaluaci\u00f3n se encuentra en la p\u00e1gina con la informaci\u00f3n detallada sobre la excursi\u00f3n, pulsando el bot\u00f3n \u00abValorar\u00bb.<\/p>\n<p><a title=\"volver al principio\" href=\"https:\/\/liveitup-tours.com\/es\/faqs-3\/#arriba\">volver al principio<\/a><\/p>\n<p>&nbsp;<\/p>\n","protected":false},"excerpt":{"rendered":"<p>Aqu\u00ed encontrar\u00e1 una colecci\u00f3n de las preguntas m\u00e1s frecuentes sobre nuestros servicios: Informaci\u00f3n general \u00bfQui\u00e9n es Live it up! Tours Andalusia? \u00bfD\u00f3nde encuentro las condiciones generales de Live it up! Tours Andalusia? B\u00fasqueda de un alojamiento u otros servicios \u00bfCual es la manera m\u00e1s r\u00e1pida de encontrar una excursi\u00f3n en las p\u00e1ginas de Live it [&hellip;]<\/p>\n","protected":false},"author":1,"featured_media":0,"parent":0,"menu_order":0,"comment_status":"closed","ping_status":"open","template":"","meta":{"footnotes":""},"class_list":["post-1652","page","type-page","status-publish","hentry"],"_links":{"self":[{"href":"https:\/\/liveitup-tours.com\/es\/wp-json\/wp\/v2\/pages\/1652","targetHints":{"allow":["GET"]}}],"collection":[{"href":"https:\/\/liveitup-tours.com\/es\/wp-json\/wp\/v2\/pages"}],"about":[{"href":"https:\/\/liveitup-tours.com\/es\/wp-json\/wp\/v2\/types\/page"}],"author":[{"embeddable":true,"href":"https:\/\/liveitup-tours.com\/es\/wp-json\/wp\/v2\/users\/1"}],"replies":[{"embeddable":true,"href":"https:\/\/liveitup-tours.com\/es\/wp-json\/wp\/v2\/comments?post=1652"}],"version-history":[{"count":0,"href":"https:\/\/liveitup-tours.com\/es\/wp-json\/wp\/v2\/pages\/1652\/revisions"}],"wp:attachment":[{"href":"https:\/\/liveitup-tours.com\/es\/wp-json\/wp\/v2\/media?parent=1652"}],"curies":[{"name":"wp","href":"https:\/\/api.w.org\/{rel}","templated":true}]}}