{"id":1394,"date":"2014-02-12T19:25:30","date_gmt":"2014-02-12T18:25:30","guid":{"rendered":"http:\/\/conil-ferienunterkunft.de\/?page_id=1394"},"modified":"2021-08-03T23:35:11","modified_gmt":"2021-08-03T21:35:11","slug":"blog-excursiones-andalucia","status":"publish","type":"page","link":"https:\/\/liveitup-tours.com\/es\/blog-excursiones-andalucia\/","title":{"rendered":"Blog Andaluc\u00eda"},"content":{"rendered":"<p><span id=\"result_box\" class=\"\" lang=\"es\"><span class=\"\">Aprende m\u00e1s sobre Andaluc\u00eda y otros destinos en el sur de Espa\u00f1a con nuestro <\/span><\/span>Blog Excursiones Andaluc\u00eda.<\/p>\n","protected":false},"excerpt":{"rendered":"<p>Aprende m\u00e1s sobre Andaluc\u00eda y otros destinos en el sur de Espa\u00f1a con nuestro Blog Excursiones Andaluc\u00eda.<\/p>\n","protected":false},"author":1,"featured_media":0,"parent":0,"menu_order":0,"comment_status":"closed","ping_status":"open","template":"page-post-list.php","meta":{"footnotes":""},"class_list":["post-1394","page","type-page","status-publish","hentry"],"_links":{"self":[{"href":"https:\/\/liveitup-tours.com\/es\/wp-json\/wp\/v2\/pages\/1394","targetHints":{"allow":["GET"]}}],"collection":[{"href":"https:\/\/liveitup-tours.com\/es\/wp-json\/wp\/v2\/pages"}],"about":[{"href":"https:\/\/liveitup-tours.com\/es\/wp-json\/wp\/v2\/types\/page"}],"author":[{"embeddable":true,"href":"https:\/\/liveitup-tours.com\/es\/wp-json\/wp\/v2\/users\/1"}],"replies":[{"embeddable":true,"href":"https:\/\/liveitup-tours.com\/es\/wp-json\/wp\/v2\/comments?post=1394"}],"version-history":[{"count":0,"href":"https:\/\/liveitup-tours.com\/es\/wp-json\/wp\/v2\/pages\/1394\/revisions"}],"wp:attachment":[{"href":"https:\/\/liveitup-tours.com\/es\/wp-json\/wp\/v2\/media?parent=1394"}],"curies":[{"name":"wp","href":"https:\/\/api.w.org\/{rel}","templated":true}]}}