{"id":1371,"date":"2014-02-12T18:42:58","date_gmt":"2014-02-12T17:42:58","guid":{"rendered":"http:\/\/conil-ferienunterkunft.de\/?page_id=1371"},"modified":"2021-06-19T22:58:42","modified_gmt":"2021-06-19T20:58:42","slug":"porque-con-nosotros","status":"publish","type":"page","link":"https:\/\/liveitup-tours.com\/es\/porque-con-nosotros\/","title":{"rendered":"Porqu\u00e9 con Nosotros"},"content":{"rendered":"<p><span id=\"result_box\" class=\"\" lang=\"es\"><span title=\"ANDALUSIEN.\">ANDALUC\u00cdA. <\/span><span title=\"Die s\u00fcdlichste autonome Region des spanischen Festlands bietet einfach alles: einzigartige Str\u00e4nde, faszierende Naturparks, imposante Metropolen mit einer einmaligen kulturellen Hinterlassenschaft und vieles mehr. \">La regi\u00f3n aut\u00f3noma m\u00e1s sure\u00f1a de Espa\u00f1a tiene de todo: playas \u00fanicas, parques naturales fascinantes, imponentes ciudades con una herencia cultural impresionante y mucho m\u00e1s.<\/span><\/span><\/p>\n<p>Pero vacaciones en Andaluc\u00eda hay tales y tales. En su mayor\u00eda, los monumentos m\u00e1s conocidos y populares forman parte de las excursiones t\u00edpicas: <span id=\"result_box\" class=\"\" lang=\"es\"><span title=\"Meistens stehen die \u00fcblichen, bekannten Sehensw\u00fcrdigkeiten der Region auf dem Plan: Die Kathedrale in Sevilla, die Mezquita in C\u00f3rdoba, die Alhambra in Granada usw. Aber es geht auch anders, und vor allem kommt es dabei auf das Wie?\">La catedral de Sevilla, la Mezquita de C\u00f3rdoba, la Alhambra de Granada, etc. Pero hay otra manera de conocer una regi\u00f3n y esa depende sobre todo del \u00bfC\u00f3mo?<\/span><\/span><\/p>\n<p><span id=\"result_box\" class=\"\" lang=\"es\"><span title=\"liveitup-tours.com macht Ihren Aufenthalt in der s\u00fcdlichsten Region des spanischen Festands zu einem einmaligen Erlebnis.\"><span style=\"color: #008080;\">liveitup-tours.com<\/span> hace de su estancia en Andaluc\u00eda una experiencia \u00fanica. <\/span><span title=\"Wir kennen alle Insider-Tipps in Andalusien und wissen, wie Sie diese am besten geniessen. \">Conocemos todos los rincones que valen la pena visitar y sabemos c\u00f3mo disfrutar de ellos de la mejor forma.<\/span><\/span><\/p>\n<p>Pretendemos que Ud. conozca la regi\u00f3n de una manera diferente: Que no se sienta como un turista m\u00e1s, es decir como un simple visitante, sino que pueda vivir las atracciones t\u00faristicas, los parques naturales, las tradiciones y costumbres de un modo especial. Simplemente, <em>living it up<\/em>!<\/p>\n<p>En nuestras excursiones no ser\u00e1 sometido a una avalancha de datos y hechos, sino a vivir una experiencia \u00fanica durante sus vacaciones.<\/p>\n<p><span style=\"color: #333333;\"><span id=\"result_box\" class=\"\" lang=\"es\"><\/span><span id=\"result_box\" class=\"\" tabindex=\"-1\" lang=\"es\">Sabemos de lo que estamos hablando porque llevamos m\u00e1s de 20 a\u00f1os en la regi\u00f3n. Un hecho que nos ayudar\u00e1 a crear la mejor oferta para Ud. Pero hay otras razones <span class=\"\">por las que debe<\/span> <span class=\"\">planificar<\/span> sus actividades en Andaluc\u00eda con nosotros:<\/span><br \/>\n<\/span><\/p>\n<ul>\n<li>Somos una empresa peque\u00f1a y con una estructura simple y no ofrecemos servicios en masa.<\/li>\n<li>Conocemos bien la mentalidad y las costrumbres en Andaluc\u00eda.<\/li>\n<li>Nos reinventamos cada d\u00eda de nuevo. No hay ning\u00fana excursi\u00f3n igual que la anterior. As\u00ed que no nos aburrimos y por lo tanto tampoco lo van a hacer Uds.<\/li>\n<li>La selecci\u00f3n de nuestros proveedores se realiza bajo estrictas normas de calidad. Le garantizamos una relaci\u00f3n calidad-precio equilibrada.<\/li>\n<li>Ofrecemos solo excursiones de alto est\u00e1ndar que cumplen con las m\u00e1s altas exigencias.<\/li>\n<li>Conocemos la regi\u00f3n y a muchos de los proveedores personalmente, lo que nos ayuda a la hora de tramitar su petici\u00f3n o solucionar eventuales problemas relativos a su petici\u00f3n.<\/li>\n<li>Estamos a su disposici\u00f3n las 24 horas del d\u00eda, 7 d\u00edas a la semana. Aunque no es posible estar a todas horas en todos los sitios, garantizamos nuestro servicio telef\u00f3nico o email para solucionar cualquier inconveniencia con la mayor brevedad posible.<\/li>\n<\/ul>\n","protected":false},"excerpt":{"rendered":"<p>ANDALUC\u00cdA. La regi\u00f3n aut\u00f3noma m\u00e1s sure\u00f1a de Espa\u00f1a tiene de todo: playas \u00fanicas, parques naturales fascinantes, imponentes ciudades con una herencia cultural impresionante y mucho m\u00e1s. Pero vacaciones en Andaluc\u00eda hay tales y tales. En su mayor\u00eda, los monumentos m\u00e1s conocidos y populares forman parte de las excursiones t\u00edpicas: La catedral de Sevilla, la Mezquita [&hellip;]<\/p>\n","protected":false},"author":1,"featured_media":0,"parent":0,"menu_order":0,"comment_status":"closed","ping_status":"open","template":"","meta":{"footnotes":""},"class_list":["post-1371","page","type-page","status-publish","hentry"],"_links":{"self":[{"href":"https:\/\/liveitup-tours.com\/es\/wp-json\/wp\/v2\/pages\/1371","targetHints":{"allow":["GET"]}}],"collection":[{"href":"https:\/\/liveitup-tours.com\/es\/wp-json\/wp\/v2\/pages"}],"about":[{"href":"https:\/\/liveitup-tours.com\/es\/wp-json\/wp\/v2\/types\/page"}],"author":[{"embeddable":true,"href":"https:\/\/liveitup-tours.com\/es\/wp-json\/wp\/v2\/users\/1"}],"replies":[{"embeddable":true,"href":"https:\/\/liveitup-tours.com\/es\/wp-json\/wp\/v2\/comments?post=1371"}],"version-history":[{"count":0,"href":"https:\/\/liveitup-tours.com\/es\/wp-json\/wp\/v2\/pages\/1371\/revisions"}],"wp:attachment":[{"href":"https:\/\/liveitup-tours.com\/es\/wp-json\/wp\/v2\/media?parent=1371"}],"curies":[{"name":"wp","href":"https:\/\/api.w.org\/{rel}","templated":true}]}}