{"id":1337,"date":"2014-02-12T18:12:32","date_gmt":"2014-02-12T17:12:32","guid":{"rendered":"http:\/\/conil-ferienunterkunft.de\/?page_id=1337"},"modified":"2021-08-04T22:07:40","modified_gmt":"2021-08-04T20:07:40","slug":"reservar-tour-andalucia","status":"publish","type":"page","link":"https:\/\/liveitup-tours.com\/es\/reservar-tour-andalucia\/","title":{"rendered":"Reservar Tour Andaluc\u00eda"},"content":{"rendered":"<p>Reservar Tour Andaluc\u00eda: As\u00ed encuentra el mejor tour en Andaluc\u00eda.<\/p>\n<p>Para que la reserva de una excursi\u00f3n, un viaje o un alojamiento que se adapte a&nbsp; sus necesidades, sea lo m\u00e1s f\u00e1cil posible, nos gustar\u00eda darles algunos consejos para el manejo r\u00e1pido de nuestra p\u00e1gina web.<\/p>\n<p>A continuaci\u00f3n puede encuentrar informaci\u00f3n sobre los siguientes temas:<\/p>\n<p><em>Tema excursiones y actividades:<\/em><\/p>\n<ul>\n<li><a title=\"Excursi\u00f3n o viaje en Andaluc\u00eda\" href=\"https:\/\/liveitup-tours.com\/es\/encontrar-excursion\/\">Encontrar una excursi\u00f3n<\/a> que m\u00e1s le guste<\/li>\n<li>Reserva y pago de un viaje o una excursi\u00f3n<\/li>\n<\/ul>\n<p><em>M\u00e1s informaci\u00f3n:<\/em><\/p>\n<ul>\n<li>Porqu\u00e9 con nosotros<\/li>\n<li>Condiciones Generales<\/li>\n<\/ul>\n","protected":false},"excerpt":{"rendered":"<p>Reservar Tour Andaluc\u00eda: As\u00ed encuentra el mejor tour en Andaluc\u00eda. Para que la reserva de una excursi\u00f3n, un viaje o un alojamiento que se adapte a&nbsp; sus necesidades, sea lo m\u00e1s f\u00e1cil posible, nos gustar\u00eda darles algunos consejos para el manejo r\u00e1pido de nuestra p\u00e1gina web. A continuaci\u00f3n puede encuentrar informaci\u00f3n sobre los siguientes temas: [&hellip;]<\/p>\n","protected":false},"author":1,"featured_media":0,"parent":0,"menu_order":0,"comment_status":"closed","ping_status":"open","template":"","meta":{"footnotes":""},"class_list":["post-1337","page","type-page","status-publish","hentry"],"_links":{"self":[{"href":"https:\/\/liveitup-tours.com\/es\/wp-json\/wp\/v2\/pages\/1337","targetHints":{"allow":["GET"]}}],"collection":[{"href":"https:\/\/liveitup-tours.com\/es\/wp-json\/wp\/v2\/pages"}],"about":[{"href":"https:\/\/liveitup-tours.com\/es\/wp-json\/wp\/v2\/types\/page"}],"author":[{"embeddable":true,"href":"https:\/\/liveitup-tours.com\/es\/wp-json\/wp\/v2\/users\/1"}],"replies":[{"embeddable":true,"href":"https:\/\/liveitup-tours.com\/es\/wp-json\/wp\/v2\/comments?post=1337"}],"version-history":[{"count":0,"href":"https:\/\/liveitup-tours.com\/es\/wp-json\/wp\/v2\/pages\/1337\/revisions"}],"wp:attachment":[{"href":"https:\/\/liveitup-tours.com\/es\/wp-json\/wp\/v2\/media?parent=1337"}],"curies":[{"name":"wp","href":"https:\/\/api.w.org\/{rel}","templated":true}]}}