{"id":1333,"date":"2014-02-12T18:11:06","date_gmt":"2014-02-12T17:11:06","guid":{"rendered":"http:\/\/conil-ferienunterkunft.de\/?page_id=1333"},"modified":"2020-02-23T21:13:57","modified_gmt":"2020-02-23T20:13:57","slug":"tours-andalucia-sobre-nosotros","status":"publish","type":"page","link":"https:\/\/liveitup-tours.com\/es\/tours-andalucia-sobre-nosotros\/","title":{"rendered":"Tours Andaluc\u00eda Sobre Nosotros"},"content":{"rendered":"<p><strong><span id=\"result_box\" class=\"\" tabindex=\"-1\" lang=\"es\"><span style=\"color: #008080;\"><span class=\"\">Live it up! Tours Andaluc\u00eda<\/span><\/span>&nbsp;<\/span><\/strong><span id=\"result_box\" class=\"\" tabindex=\"-1\" lang=\"es\">con sede en Sevilla <\/span><span id=\"result_box\" class=\"\" tabindex=\"-1\" lang=\"es\">es una empresa organizadora <span class=\"\">de excursiones y actividades<\/span> de ocio en Andaluc\u00eda.<\/span><\/p>\n<p>Nuestros <span class=\"\">servicios van desde<\/span> <span id=\"result_box\" class=\"\" tabindex=\"-1\" lang=\"es\">excursiones <\/span><span id=\"result_box\" class=\"\" tabindex=\"-1\" lang=\"es\"><span class=\"\">culturales<\/span> en la ciudad de Sevilla hasta excursiones de un d\u00eda <\/span><span id=\"result_box\" class=\"\" tabindex=\"-1\" lang=\"es\">outdoor y <\/span><span id=\"result_box\" class=\"\" tabindex=\"-1\" lang=\"es\"><span class=\"\">de aventura<\/span> en la <em>Sierra de Grazalema<\/em>, la <em>Sierra de Aracena<\/em>, en la <em>Costa <span class=\"\">del Sol<\/span><\/em> o la <em>Costa de la Luz<\/em>. Ofrecemos paquetes tur\u00edsticos y excursiones programados y personalizados para <\/span><span id=\"result_box\" class=\"\" tabindex=\"-1\" lang=\"es\">grupos y <\/span><span id=\"result_box\" class=\"\" tabindex=\"-1\" lang=\"es\">viajeros independientes <span class=\"\">de todas las edades<\/span> y gustos.<\/span><\/p>\n<p>Con <strong><span id=\"result_box\" class=\"\" tabindex=\"-1\" lang=\"es\"><span style=\"color: #008080;\"><span class=\"\">Live it up! Tours Andaluc\u00eda<\/span><\/span><\/span><\/strong> conocer\u00e1s el sur de Espa\u00f1a en una manera diferente. <span class=\"\">Explora la<\/span> gran diversidad de una regi\u00f3n \u00fanica en compa\u00f1\u00eda de gente aut\u00f3ctona y especialistas con amplia experiencia en la organizaci\u00f3n de excursiones. Cada cliente de&nbsp;<strong><span id=\"result_box\" class=\"\" tabindex=\"-1\" lang=\"es\"><span style=\"color: #008080;\">Live it up! <span class=\"\">Tours Andaluc\u00eda<\/span><\/span><\/span><\/strong> recibe el trato personal e individual por nuestro personal profesional.<\/p>\n<p>Viaja con nosotros para pasar una estancia inolvidable en Andaluc\u00eda!<\/p>\n<hr>\n<p><strong><span id=\"result_box\" class=\"\" tabindex=\"-1\" lang=\"es\"><span style=\"color: #008080;\">Live it up! <span class=\"\">Tours Andaluc\u00eda<\/span><\/span><\/span><\/strong> somos:<\/p>\n<p><strong>Peter<\/strong><\/p>\n<p><img loading=\"lazy\" decoding=\"async\" class=\"alignleft wp-image-3612 size-thumbnail\" src=\"https:\/\/liveitup-tours.com\/wp-content\/uploads\/2014\/01\/Peter-150x150.png\" alt=\"Live it up! Tours Andaluc\u00eda. Excursiones y actividades de ocio en Sevilla y Andaluc\u00eda.\" width=\"150\" height=\"150\"><\/p>\n<p><span id=\"result_box\" class=\"\" lang=\"es\"><span title=\"Hallo, mein Name ist Peter und ich bin Gr\u00fcnder und Gesch\u00e4ftsf\u00fchrer von Live it up!\">Hola, mi nombre es Pedro y soy el fundador y CEO de <strong><span style=\"color: #008080;\">Live it up! <\/span><\/strong><\/span><span title=\"Tours Andalusia.\"><strong><span style=\"color: #008080;\">Tours Andaluc\u00eda<\/span><\/strong>. Llevo viviendo en Sevilla una eternidad<\/span><span title=\"Ich lebe schon seit einer gef\u00fchlten Ewigkeit im s\u00fcdspanischen Sevilla und kenne mich dementsprechend gut mit Land und Leuten aus. \"> y me considero un buen conocedor de la tierra y de su gente.<\/span><\/span><\/p>\n<p><span title=\"Vor einigen Jahren kam mir die Idee, Touren und andere Freizeitaktivit\u00e4ten f\u00fcr Urlauber in Andalusien und speziell auch in Sevilla zu veranstalten.\">Hace unos a\u00f1os, me vino la idea de organizar excursiones y otras actividades recreativas para los visitantes en Andaluc\u00eda y, especialmente en Sevilla. Simplemente porque igual que a mucha gente, me gusta explorar el entorno de mi ciudad de manera divertida con amigos o familiares. Ya que las actividades en grupo suelen ser m\u00e1s alegres que en solitario. <\/span><\/p>\n<p>Mi intenci\u00f3n es que Ustedes conozcan la regi\u00f3n m\u00e1s sure\u00f1a de la peninsula y la ciudad de Sevilla de la manera m\u00e1s natural y creativa posible. Simplemente como si fuera un andaluz m\u00e1s.<\/p>\n<hr>\n<p style=\"text-align: right;\"><strong>Esther<\/strong><\/p>\n<p><img loading=\"lazy\" decoding=\"async\" class=\" wp-image-4906 alignright\" src=\"https:\/\/liveitup-tours.com\/wp-content\/uploads\/2013\/11\/Foto_Esther_240-180px-150x150.jpg\" alt=\"Esther. Excursiones y actividades de ocio en Sevilla y Andaluc\u00eda.\" width=\"123\" height=\"123\">Hola y bienvenido en Andaluc\u00eda. Soy Esther, co-fundadora de <span id=\"result_box\" class=\"\" lang=\"es\"><span title=\"Hallo, mein Name ist Peter und ich bin Gr\u00fcnder und Gesch\u00e4ftsf\u00fchrer von Live it up!\"><strong><span style=\"color: #008080;\">Live it up! <\/span><\/strong><\/span><span title=\"Tours Andalusia.\"><strong><span style=\"color: #008080;\">Tours Andaluc\u00eda<\/span><\/strong><\/span><\/span>. En la empresa me preocupo de nuestros clientes espa\u00f1oles. Adem\u00e1s me encargo de la adquisici\u00f3n de nuevos clientes y de elaborar nuevas ofertas para nuestro p\u00fablico en todo el mundo.<\/p>\n<p>Soy una \u00abdescubridora\u00bb apasionada y me encanta conocer cosas nuevas. Me gustar\u00eda mucho conocerles en persona y darles la bienvenida aqu\u00ed en Andaluc\u00eda.<\/p>\n<p>Estoy seguro que nos divertamos mucho y que descubriremos muchas cosas nuevas en Sevilla y Andaluc\u00eda.<\/p>\n<p>Hasta Pronto aqu\u00ed en el sur.<\/p>\n<p>&nbsp;<\/p>\n<p>&nbsp;<\/p>\n","protected":false},"excerpt":{"rendered":"<p>Live it up! Tours Andaluc\u00eda&nbsp;con sede en Sevilla es una empresa organizadora de excursiones y actividades de ocio en Andaluc\u00eda. Nuestros servicios van desde excursiones culturales en la ciudad de Sevilla hasta excursiones de un d\u00eda outdoor y de aventura en la Sierra de Grazalema, la Sierra de Aracena, en la Costa del Sol o [&hellip;]<\/p>\n","protected":false},"author":1,"featured_media":0,"parent":0,"menu_order":0,"comment_status":"closed","ping_status":"open","template":"","meta":{"footnotes":""},"class_list":["post-1333","page","type-page","status-publish","hentry"],"_links":{"self":[{"href":"https:\/\/liveitup-tours.com\/es\/wp-json\/wp\/v2\/pages\/1333","targetHints":{"allow":["GET"]}}],"collection":[{"href":"https:\/\/liveitup-tours.com\/es\/wp-json\/wp\/v2\/pages"}],"about":[{"href":"https:\/\/liveitup-tours.com\/es\/wp-json\/wp\/v2\/types\/page"}],"author":[{"embeddable":true,"href":"https:\/\/liveitup-tours.com\/es\/wp-json\/wp\/v2\/users\/1"}],"replies":[{"embeddable":true,"href":"https:\/\/liveitup-tours.com\/es\/wp-json\/wp\/v2\/comments?post=1333"}],"version-history":[{"count":0,"href":"https:\/\/liveitup-tours.com\/es\/wp-json\/wp\/v2\/pages\/1333\/revisions"}],"wp:attachment":[{"href":"https:\/\/liveitup-tours.com\/es\/wp-json\/wp\/v2\/media?parent=1333"}],"curies":[{"name":"wp","href":"https:\/\/api.w.org\/{rel}","templated":true}]}}