{"id":1331,"date":"2014-02-12T18:09:42","date_gmt":"2014-02-12T17:09:42","guid":{"rendered":"http:\/\/conil-ferienunterkunft.de\/?page_id=1331"},"modified":"2020-02-23T21:09:07","modified_gmt":"2020-02-23T20:09:07","slug":"reserva-y-pago","status":"publish","type":"page","link":"https:\/\/liveitup-tours.com\/es\/reserva-y-pago\/","title":{"rendered":"Reserva y Pago"},"content":{"rendered":"<h2>Reservar una excursi\u00f3n<\/h2>\n<p style=\"padding-left: 30px;\">Si ha encontrado una excursi\u00f3n que se adapte a sus necesidades y gustos y decide reservarla, puede hacerlo directamente usando el bot\u00f3n \u00abReservar\u00bb. Este bot\u00f3n aperece al introducir la fecha elegida en el calendario de \u00abDisponibilidad\u00bb en la p\u00e1gina de informaci\u00f3n sobre la excursi\u00f3n en cuesti\u00f3n.<\/p>\n<p style=\"padding-left: 30px;\">Rellene el formulario de reserva y mandelo haciendo clic en \u00abEnviar Reserva\u00bb. Al recibir su petici\u00f3n, le mandaremos una confirmaci\u00f3n de su reserva y la excursi\u00f3n queda pre-reservada para usted.<\/p>\n<p style=\"padding-left: 30px;\">Por lo general, las excursiones se pagan en la misma fecha y en el lugar, en que se realiza la excursi\u00f3n.<\/p>\n<p style=\"padding-left: 30px;\">El procedimiento de la reserva puede hacerse tambi\u00e9n por email o por tel\u00e9fono. Las modalidades de pago se aplicar\u00e1n en este caso de la misma manera.<\/p>\n<p>&nbsp;<\/p>\n<h2>El Pago<\/h2>\n<p style=\"padding-left: 30px;\">Por lo general, las excursiones se pagan el mismo d\u00eda y en el lugar, en el que se realiza la excursi\u00f3n. A menos que la excursi\u00f3n requiere pagos anticipados a proveedores. En este caso, un dep\u00f3sito de un m\u00ednimo del 30% del importe total ha de ser abonado al reservar la excursi\u00f3n.<\/p>\n<p style=\"padding-left: 30px;\">Lea tambi\u00e9n nuestros t\u00e9rminos y condiciones.<\/p>\n<p>&nbsp;<\/p>\n<h2>Evaluaci\u00f3n<\/h2>\n<p style=\"padding-left: 30px;\">Ay\u00fadenos a mejorar la calidad de nuestro servicio.<\/p>\n<p style=\"padding-left: 30px;\">Para ello, busque de nuevo el tour en el que ha participado en nuestra p\u00e1gina web y haga clic en el bot\u00f3n \u00abvalorar\u00bb. A continuaci\u00f3n tiene la posibilidad de valorar el servicio mediante la valoraci\u00f3n de diferentes categor\u00edas y describir brevemente lo que m\u00e1s le gust\u00f3 y lo que menos.<\/p>\n<p>&nbsp;<\/p>\n<p>&nbsp;<\/p>\n","protected":false},"excerpt":{"rendered":"<p>Reservar una excursi\u00f3n Si ha encontrado una excursi\u00f3n que se adapte a sus necesidades y gustos y decide reservarla, puede hacerlo directamente usando el bot\u00f3n \u00abReservar\u00bb. Este bot\u00f3n aperece al introducir la fecha elegida en el calendario de \u00abDisponibilidad\u00bb en la p\u00e1gina de informaci\u00f3n sobre la excursi\u00f3n en cuesti\u00f3n. Rellene el formulario de reserva y [&hellip;]<\/p>\n","protected":false},"author":1,"featured_media":0,"parent":0,"menu_order":0,"comment_status":"closed","ping_status":"open","template":"","meta":{"footnotes":""},"class_list":["post-1331","page","type-page","status-publish","hentry"],"_links":{"self":[{"href":"https:\/\/liveitup-tours.com\/es\/wp-json\/wp\/v2\/pages\/1331","targetHints":{"allow":["GET"]}}],"collection":[{"href":"https:\/\/liveitup-tours.com\/es\/wp-json\/wp\/v2\/pages"}],"about":[{"href":"https:\/\/liveitup-tours.com\/es\/wp-json\/wp\/v2\/types\/page"}],"author":[{"embeddable":true,"href":"https:\/\/liveitup-tours.com\/es\/wp-json\/wp\/v2\/users\/1"}],"replies":[{"embeddable":true,"href":"https:\/\/liveitup-tours.com\/es\/wp-json\/wp\/v2\/comments?post=1331"}],"version-history":[{"count":0,"href":"https:\/\/liveitup-tours.com\/es\/wp-json\/wp\/v2\/pages\/1331\/revisions"}],"wp:attachment":[{"href":"https:\/\/liveitup-tours.com\/es\/wp-json\/wp\/v2\/media?parent=1331"}],"curies":[{"name":"wp","href":"https:\/\/api.w.org\/{rel}","templated":true}]}}