{"id":1321,"date":"2014-02-12T17:54:04","date_gmt":"2014-02-12T16:54:04","guid":{"rendered":"http:\/\/conil-ferienunterkunft.de\/?page_id=1321"},"modified":"2020-02-23T21:13:23","modified_gmt":"2020-02-23T20:13:23","slug":"tours-andalusia-about","status":"publish","type":"page","link":"https:\/\/liveitup-tours.com\/en\/tours-andalusia-about\/","title":{"rendered":"Tours Andalusia About Us"},"content":{"rendered":"<p><span id=\"result_box\" class=\"\" tabindex=\"-1\" lang=\"en\"><span title=\"Hallo, mein Name ist Peter und ich bin Gr\u00fcnder und Gesch\u00e4ftsf\u00fchrer von Live it up!\"><strong><span style=\"color: #008080;\">Live it up! <\/span><\/strong><\/span><span title=\"Tours Andalusia.\"><strong><span style=\"color: #008080;\">Tours Andalusia<\/span><\/strong><\/span>&nbsp;is a Seville-based organizer of tours and leisure activities in the city and different regions in Andalusia.<\/span><\/p>\n<p>Our offer ranges from cultural half-day trips in Seville to full-day outdoor and adventure tours to the <em>Sierra de Grazalema<\/em>, the <em>Sierra de Aracena<\/em>, the <em>Costa del Sol<\/em> or the <em>Costa de la Luz<\/em>. We provide planned and individual holiday packages and tours for independent travelers or groups of all ages and interests.<\/p>\n<p>With&nbsp;<span class=\"\"><span id=\"result_box\" class=\"\" lang=\"en\"><span title=\"Hallo, mein Name ist Peter und ich bin Gr\u00fcnder und Gesch\u00e4ftsf\u00fchrer von Live it up!\"><strong><span style=\"color: #008080;\">Live it up! <\/span><\/strong><\/span><span title=\"Tours Andalusia.\"><strong><span style=\"color: #008080;\">Tours Andalusia<\/span><\/strong><\/span><\/span> you will discover the south of Spain in a different way.<\/span> <span class=\"\">You explore the unique diversity of the region exclusively accompanied by local residents and specialists with many years of experience in the organization of tours.<\/span> Being a <strong><span style=\"color: #008080;\">Live it up! <\/span><\/strong><span class=\"\"><span style=\"color: #008080;\"><strong>Tours &#8211; Andalusia<\/strong><span style=\"color: #333333;\">&#8211;<\/span><\/span>customer you can be sure to receive the personal and individual attention from our professional staff.<\/span><\/p>\n<p>Enjoy an unforgettable Andalusia trip with us!<\/p>\n<hr>\n<p><span id=\"result_box\" class=\"\" lang=\"en\"><span title=\"Hallo, mein Name ist Peter und ich bin Gr\u00fcnder und Gesch\u00e4ftsf\u00fchrer von Live it up!\"><strong><span style=\"color: #008080;\">Live it up! <\/span><\/strong><\/span><span title=\"Tours Andalusia.\"><strong><span style=\"color: #008080;\">Tours Andalusia<\/span><\/strong><\/span><\/span>&nbsp;are:<\/p>\n<p><strong>Peter<\/strong><\/p>\n<p><img loading=\"lazy\" decoding=\"async\" class=\"alignleft wp-image-3611 size-thumbnail\" src=\"https:\/\/liveitup-tours.com\/wp-content\/uploads\/2014\/01\/Peter-150x150.png\" alt=\"Live it up! Andalusia Tours. Tours and leisure activities in Seville and Andalusia.\" width=\"150\" height=\"150\"><\/p>\n<p><span id=\"result_box\" class=\"\" lang=\"en\"><span title=\"Hallo, mein Name ist Peter und ich bin Gr\u00fcnder und Gesch\u00e4ftsf\u00fchrer von Live it up!\">Hi, my name is Peter and I am the founder and CEO of <strong><span style=\"color: #008080;\">Live it up! <\/span><\/strong><\/span><span title=\"Tours Andalusia.\"><strong><span style=\"color: #008080;\">Tours Andalusia<\/span><\/strong>. <\/span><span title=\"Ich lebe schon seit einer gef\u00fchlten Ewigkeit im s\u00fcdspanischen Sevilla und kenne mich dementsprechend gut mit Land und Leuten aus. \">I&#8217;ve been living in Seville for a long time and I know a lot about the region and its people.<\/span><\/span><\/p>\n<p><span title=\"Vor einigen Jahren kam mir die Idee, Touren und andere Freizeitaktivit\u00e4ten f\u00fcr Urlauber in Andalusien und speziell auch in Sevilla zu veranstalten.\">A few years ago I had the idea to organize tours and other leisure activities for tourists in Andalusia, and especially in Seville. <\/span><span title=\"Ganz einfach, weil ich selbst gerne mit Freunden, Bekannten oder der Familie die Gegend auf unterhaltsame Art und Weise erkunde.\">Quite simply, because I like to explore new things with friends or the family in an entertaining way. <\/span><span title=\"Denn Aktivit\u00e4ten in der Gruppe sind meistens am\u00fcsanter als allein auf Entdeckungstour zu gehen. \">Because group activities are usually more enjoyable than walking alone on a discovery tour.<\/span><\/p>\n<p><span title=\"Mir f\u00e4llt auch immer wieder auf, da\u03b2 sich die meisten Urlauber bei ihrem Aufenthalt in einem anderen Land anders verhalten als sie das in der Heimat tun.\">It is always noticeable to me that most holidaymakers behave differently <\/span><span title=\"Mir f\u00e4llt auch immer wieder auf, da\u03b2 sich die meisten Urlauber bei ihrem Aufenthalt in einem anderen Land anders verhalten als sie das in der Heimat tun.\">than they would do at home <\/span><span title=\"Mir f\u00e4llt auch immer wieder auf, da\u03b2 sich die meisten Urlauber bei ihrem Aufenthalt in einem anderen Land anders verhalten als sie das in der Heimat tun.\">when they are staying in a different country. <\/span><span title=\"Irgendwie so, als w\u00fcrde man ein bestimmtes Tun und Handeln von ihnen als Fremde erwarten.\">Somehow, a<span id=\"result_box\" class=\"\" lang=\"en\"><span class=\"\">s if one expected a certain behaviour from them as strangers<\/span><\/span>. <\/span><span title=\"Das hat sicherlich auch mit sprachlichen Barrieren zu tun, aber eben nicht nur.\">This certainly has to do with language barriers, but not only. <\/span><span title=\"Wo man sich in der heutigen globalen Welt doch nicht nur digital anpassen sollte. \">In today&#8217;s global world, you should not only adapt in a <\/span><span title=\"Wo man sich in der heutigen globalen Welt doch nicht nur digital anpassen sollte. \">digital way <\/span><span title=\"Wo man sich in der heutigen globalen Welt doch nicht nur digital anpassen sollte. \">to foreign customs.<\/span><\/p>\n<p><span title=\"Meine Idee war schliesslich, Besuchern zu zeigen, wie man bei diversen Freizeitaktivit\u00e4ten als Tourist trotzdem irgendwie dazugeh\u00f6ren kann.\">My idea was to show with our tours and leisure activities that you can be part of the local community as a tourist. <\/span><span title=\"Sei es, indem man sich den Br\u00e4uchen und Gepflogenheiten der Einheimischen anpasst oder eben genau das Gegenteil tut, in dem man sich so f\u00fchlt und verh\u00e4lt, wie man es unter den Seinen gewohnt ist. \">Whether by adapting to the customs and habits of the locals, or by doing the exact opposite, in which one feels and behaves as one is accustomed to among its own.<\/span><\/p>\n<p><span title=\"Dazu ist es aber auch notwendig, gut \u00fcber die andalusische Mentalit\u00e4t informiert zu sein.\">But it is also necessary to be well informed about the Andalusian mentality. <\/span><span title=\"Mit unserem Tourenangebot bei Live it up!\">With our tour offer at <strong><span style=\"color: #008080;\">Live it up! <\/span><\/strong><\/span><span title=\"Tours Andalusia m\u00f6chten wir genau das erreichen.\"><strong><span style=\"color: #008080;\">Tours Andalusia<\/span><\/strong> we want to reach exactly that.<\/span><\/p>\n<hr>\n<p style=\"text-align: right;\"><strong>Esther<\/strong><\/p>\n<p><img loading=\"lazy\" decoding=\"async\" class=\" wp-image-4905 alignright\" src=\"https:\/\/liveitup-tours.com\/wp-content\/uploads\/2013\/11\/Foto_Esther_240-180px-150x150.jpg\" alt=\"Esther. Live it up! Tours Andalusia. Tours and leisure activities in Seville and Andalusia\" width=\"129\" height=\"129\"><span id=\"result_box\" class=\"\" lang=\"en\">Hola, y bienvenido en Andaluc\u00eda. I&#8217;m Esther and I&#8217;m the co-founder <\/span><span id=\"result_box\" class=\"\" lang=\"en\">of <\/span><span id=\"result_box\" class=\"\" lang=\"en\"><strong><span style=\"color: #008080;\">Live it up! Tours Andalusia<span style=\"color: #333333;\">. I take care of <\/span><\/span><\/strong><\/span><span id=\"result_box\" class=\"\" lang=\"en\">our Spanish customers<\/span><span id=\"result_box\" class=\"\" lang=\"en\">. Besides I am responsible for the supply and acquisition of new customers from all over the world.<\/span><\/p>\n<p><span class=\"\">I am also a passionate &#8220;discoverer&#8221; and always try to learn something new.<\/span> <span class=\"\">I am looking forward to meeting you and to welcome you here in Andalusia.<\/span><\/p>\n<p><span class=\"\">I&#8217;m sure we&#8217;ll have lots of fun together and lots of amusing moments.<\/span><\/p>\n<p>See you soon in Andalusia!<\/p>\n<p>&nbsp;<\/p>\n","protected":false},"excerpt":{"rendered":"<p>Live it up! Tours Andalusia&nbsp;is a Seville-based organizer of tours and leisure activities in the city and different regions in Andalusia. Our offer ranges from cultural half-day trips in Seville to full-day outdoor and adventure tours to the Sierra de Grazalema, the Sierra de Aracena, the Costa del Sol or the Costa de la Luz. [&hellip;]<\/p>\n","protected":false},"author":1,"featured_media":0,"parent":0,"menu_order":0,"comment_status":"closed","ping_status":"open","template":"","meta":{"footnotes":""},"class_list":["post-1321","page","type-page","status-publish","hentry"],"_links":{"self":[{"href":"https:\/\/liveitup-tours.com\/en\/wp-json\/wp\/v2\/pages\/1321","targetHints":{"allow":["GET"]}}],"collection":[{"href":"https:\/\/liveitup-tours.com\/en\/wp-json\/wp\/v2\/pages"}],"about":[{"href":"https:\/\/liveitup-tours.com\/en\/wp-json\/wp\/v2\/types\/page"}],"author":[{"embeddable":true,"href":"https:\/\/liveitup-tours.com\/en\/wp-json\/wp\/v2\/users\/1"}],"replies":[{"embeddable":true,"href":"https:\/\/liveitup-tours.com\/en\/wp-json\/wp\/v2\/comments?post=1321"}],"version-history":[{"count":0,"href":"https:\/\/liveitup-tours.com\/en\/wp-json\/wp\/v2\/pages\/1321\/revisions"}],"wp:attachment":[{"href":"https:\/\/liveitup-tours.com\/en\/wp-json\/wp\/v2\/media?parent=1321"}],"curies":[{"name":"wp","href":"https:\/\/api.w.org\/{rel}","templated":true}]}}