{"id":1319,"date":"2014-02-12T17:46:59","date_gmt":"2014-02-12T16:46:59","guid":{"rendered":"http:\/\/conil-ferienunterkunft.de\/?page_id=1319"},"modified":"2021-06-19T22:58:24","modified_gmt":"2021-06-19T20:58:24","slug":"why-with-us","status":"publish","type":"page","link":"https:\/\/liveitup-tours.com\/en\/why-with-us\/","title":{"rendered":"Why with us"},"content":{"rendered":"<p><span id=\"result_box\" class=\"\" lang=\"en\"><span title=\"ANDALUSIEN.\">ANDALUSIA. <\/span><span title=\"Die s\u00fcdlichste autonome Region des spanischen Festlands bietet einfach alles: einzigartige Str\u00e4nde, faszierende Naturparks, imposante Metropolen mit einer einmaligen kulturellen Hinterlassenschaft und vieles mehr. \">The southernmost autonomous region of the Spanish peninsula offers everything: unique beaches, fascinating natural parks, imposing metropolises with a unique cultural heritage and much more.<\/span><\/span><\/p>\n<p><span id=\"result_box\" class=\"\" lang=\"en\"><span title=\"Dennoch gibt es solche und solche Andalusien-Trips.\">Nevertheless, there are such and such Andalusian trips. <\/span><span title=\"Meistens stehen die \u00fcblichen, bekannten Sehensw\u00fcrdigkeiten der Region auf dem Plan: Die Kathedrale in Sevilla, die Mezquita in C\u00f3rdoba, die Alhambra in Granada usw. Aber es geht auch anders, und vor allem kommt es dabei auf das Wie?\">On a typical visit the most popular places of interest in the region are scheduled: the Cathedral in Seville, the Mezquita in C\u00f3rdoba, the Alhambra in Granada, etc. But there is also a different way to get to know Andalusia<\/span><span title=\"an. \">. Let us tell you how.<\/span><\/span><span id=\"result_box\" class=\"\" lang=\"en\"><\/span><\/p>\n<p><span id=\"result_box\" class=\"\" lang=\"en\"><span title=\"liveitup-tours.com macht Ihren Aufenthalt in der s\u00fcdlichsten Region des spanischen Festands zu einem einmaligen Erlebnis.\"><span style=\"color: #008080;\">liveitup-tours.com<\/span> makes your stay a unique experience. <\/span><span title=\"Wir sind quasi das i-T\u00fcpfelchen auf Ihren Andalusienurlaub.\">We aim to add the final touch on your Andalusia holidays. <\/span><span title=\"Wir kennen alle Insider-Tipps in Andalusien und wissen, wie Sie diese am besten geniessen. \">We know all the insider tips in Andalusia and how to enjoy them best.<\/span><\/span><\/p>\n<p><span id=\"result_box\" class=\"\" lang=\"en\"><span title=\"Unser Anliegen besteht darin, die Region auf eine etwas andere Art kennenzulernen: In dem Sie sich nicht als Urlauber, also als Besucher f\u00fchlen, sondern Sehenw\u00fcrdigkeiten, Naturparks, Traditionen und Br\u00e4uche so erleben, wie es die Einheimischen tun.\">Our first concern is to get you to know the region in a different way, in which you will not feel like a visitor, meaning a tourist. We want you to experience sights, nature parks, traditions and customs as the locals do. <\/span><span title=\"Also einfach dabei sein. \">Just living it up!<\/span><\/span><\/p>\n<p><span id=\"result_box\" class=\"\" lang=\"en\"><span title=\"Bei uns werden Sie nicht mit Daten und Fakten \u00fcberh\u00e4uft, sondern mit Erlebnis. \">With us you will not be overwhelmed with data and facts, but with a completely new holiday experience.<\/span><\/span><\/p>\n<p><span id=\"result_box\" class=\"\" lang=\"en\"><\/span><span id=\"result_box\" class=\"\" tabindex=\"-1\" lang=\"en\"><span class=\"\">We know what we&#8217;re talking about, because we&#8217;ve been in the region for over 20 years.<\/span> <span class=\"\">A fact that helps us to arrange the best offers for you.<\/span> <span class=\"\">But there are other reasons why you should plan your activities in Andalusia with us:<\/span><\/span><\/p>\n<ul>\n<li>We are not a large company and do not offer &#8220;goods in bulk&#8221;.<\/li>\n<li>We know well the mentality and customs in Andalusia as we live here for more than 20 years.<\/li>\n<li>W<span id=\"result_box\" class=\"\" lang=\"en\"><span title=\"Wir erfinden uns immer wieder neu\">e are constantly reinventing ourselves<\/span><\/span>. There is no tour equal to the previous one and no boredom is coming up. A fact that will also benefit you as our client.<\/li>\n<li>We guarantee a balanced price-performance ratio.<\/li>\n<li>The selection of our tour providers are carried out in accordance with strict quality standards.<\/li>\n<li>We offer only higher standard tours which meets highest demands and where you&#8217;ll feel as on a tour at home.<\/li>\n<li>We know many providers personally and we are even close friends with some of them. This facilitates our work immensely and helps us to give you the best support possible.<\/li>\n<li>We are at your disposal around the clock. Of course, we cannot be in every place at every time, but our 24\/7 customer support will help you to get out of any problem as soon as possible.<\/li>\n<\/ul>\n","protected":false},"excerpt":{"rendered":"<p>ANDALUSIA. The southernmost autonomous region of the Spanish peninsula offers everything: unique beaches, fascinating natural parks, imposing metropolises with a unique cultural heritage and much more. Nevertheless, there are such and such Andalusian trips. On a typical visit the most popular places of interest in the region are scheduled: the Cathedral in Seville, the Mezquita [&hellip;]<\/p>\n","protected":false},"author":1,"featured_media":0,"parent":0,"menu_order":0,"comment_status":"closed","ping_status":"open","template":"","meta":{"footnotes":""},"class_list":["post-1319","page","type-page","status-publish","hentry"],"_links":{"self":[{"href":"https:\/\/liveitup-tours.com\/en\/wp-json\/wp\/v2\/pages\/1319","targetHints":{"allow":["GET"]}}],"collection":[{"href":"https:\/\/liveitup-tours.com\/en\/wp-json\/wp\/v2\/pages"}],"about":[{"href":"https:\/\/liveitup-tours.com\/en\/wp-json\/wp\/v2\/types\/page"}],"author":[{"embeddable":true,"href":"https:\/\/liveitup-tours.com\/en\/wp-json\/wp\/v2\/users\/1"}],"replies":[{"embeddable":true,"href":"https:\/\/liveitup-tours.com\/en\/wp-json\/wp\/v2\/comments?post=1319"}],"version-history":[{"count":0,"href":"https:\/\/liveitup-tours.com\/en\/wp-json\/wp\/v2\/pages\/1319\/revisions"}],"wp:attachment":[{"href":"https:\/\/liveitup-tours.com\/en\/wp-json\/wp\/v2\/media?parent=1319"}],"curies":[{"name":"wp","href":"https:\/\/api.w.org\/{rel}","templated":true}]}}